{"id":2046,"date":"2026-03-28T23:40:16","date_gmt":"2026-03-28T22:40:16","guid":{"rendered":"https:\/\/empab.fr\/?post_type=product&#038;p=2046"},"modified":"2026-03-28T23:40:16","modified_gmt":"2026-03-28T22:40:16","slug":"forfait-3-massages-reduction-15-detente-regularite-empab","status":"publish","type":"product","link":"https:\/\/empab.fr\/index.php\/produit\/forfait-3-massages-reduction-15-detente-regularite-empab\/","title":{"rendered":"Forfait 3 massages"},"content":{"rendered":"<p>Le <strong>Forfait 3 Massages<\/strong> d\u2019EMPAB vous permet de b\u00e9n\u00e9ficier de <strong>trois s\u00e9ances de massage<\/strong> (au choix parmi les dur\u00e9es de <strong>30, 45, 60 ou 90 minutes<\/strong>) avec une <strong>r\u00e9duction de 15%<\/strong> par rapport aux tarifs \u00e0 l\u2019unit\u00e9. Ce forfait est con\u00e7u pour :<\/p>\n<ul>\n<li><strong>Optimiser votre bien-\u00eatre<\/strong> gr\u00e2ce \u00e0 des s\u00e9ances r\u00e9guli\u00e8res, adapt\u00e9es \u00e0 vos besoins et \u00e0 votre emploi du temps.<\/li>\n<li><strong>Profiter d\u2019une vari\u00e9t\u00e9 de massages<\/strong> : dos et t\u00eate, haut du corps, bas du corps, corps complet, ou tout autre massage de notre carte.<\/li>\n<li><strong>R\u00e9aliser des \u00e9conomies<\/strong> tout en prenant soin de vous ou en offrant un cadeau bien-\u00eatre \u00e0 un proche.<\/li>\n<li><strong>Personnaliser votre exp\u00e9rience<\/strong> en mixant les dur\u00e9es et les types de massages selon vos envies.<\/li>\n<\/ul>\n<p>Id\u00e9al pour ceux qui souhaitent <strong>s\u2019offrir un moment de d\u00e9tente r\u00e9gulier<\/strong>, soulager des tensions r\u00e9currentes ou d\u00e9couvrir plusieurs techniques de massage \u00e0 prix r\u00e9duit.<\/p>\n","protected":false},"excerpt":{"rendered":"<p><strong>3 massages, 15% d\u2019\u00e9conomie<\/strong><br \/>\nAvec le <strong>Forfait 3 Massages<\/strong> d\u2019EMPAB, choisissez parmi nos s\u00e9ances de <strong>30, 45, 60 ou 90 minutes<\/strong> et b\u00e9n\u00e9ficiez d\u2019une r\u00e9duction exclusive. Id\u00e9al pour une d\u00e9tente r\u00e9guli\u00e8re ou un cadeau malin !<\/p>\n","protected":false},"featured_media":880,"comment_status":"open","ping_status":"closed","template":"","meta":[],"product_brand":[],"product_cat":[36],"product_tag":[],"class_list":{"0":"post-2046","1":"product","2":"type-product","3":"status-publish","4":"has-post-thumbnail","6":"product_cat-forfait-3-massages","8":"entry","9":"has-media","11":"first","12":"outofstock","13":"shipping-taxable","14":"product-type-variable","15":"has-product-nav","16":"col","17":"span_1_of_4","18":"owp-content-center","19":"owp-thumbs-layout-horizontal","20":"owp-btn-normal","21":"owp-tabs-layout-horizontal","22":"has-no-thumbnails"},"yoast_head":"<!-- This site is optimized with the Yoast SEO plugin v27.4 - https:\/\/yoast.com\/product\/yoast-seo-wordpress\/ -->\n<title>Forfait massage 15% de r\u00e9duction de 30-45-60-90 minutes EMPAB<\/title>\n<meta name=\"description\" content=\"Profitez de 3 massages au choix avec 15% de r\u00e9duction chez EMPAB ! Id\u00e9al pour une d\u00e9tente r\u00e9guli\u00e8re, un suivi personnalis\u00e9 ou un cadeau bien-\u00eatre malin\" \/>\n<meta name=\"robots\" content=\"index, follow, max-snippet:-1, max-image-preview:large, max-video-preview:-1\" \/>\n<link rel=\"canonical\" href=\"https:\/\/empab.fr\/index.php\/produit\/forfait-3-massages-reduction-15-detente-regularite-empab\/\" \/>\n<meta property=\"og:locale\" content=\"fr_FR\" \/>\n<meta property=\"og:type\" content=\"article\" \/>\n<meta property=\"og:title\" content=\"Forfait massage 15% de r\u00e9duction de 30-45-60-90 minutes EMPAB\" \/>\n<meta property=\"og:description\" content=\"Profitez de 3 massages au choix avec 15% de r\u00e9duction chez EMPAB ! Id\u00e9al pour une d\u00e9tente r\u00e9guli\u00e8re, un suivi personnalis\u00e9 ou un cadeau bien-\u00eatre malin\" \/>\n<meta property=\"og:url\" content=\"https:\/\/empab.fr\/index.php\/produit\/forfait-3-massages-reduction-15-detente-regularite-empab\/\" \/>\n<meta property=\"og:site_name\" content=\"EMPAB -\u00caTRE MIEUX POUR ALLER BIEN\" \/>\n<meta property=\"article:publisher\" content=\"https:\/\/www.facebook.com\/profile.php?id=100091632164342\" \/>\n<meta property=\"og:image\" content=\"https:\/\/empab.fr\/wp-content\/uploads\/2024\/12\/Pastille-forfait-3-massage-15-2.png\" \/>\n\t<meta property=\"og:image:width\" content=\"906\" \/>\n\t<meta property=\"og:image:height\" content=\"907\" \/>\n\t<meta property=\"og:image:type\" content=\"image\/png\" \/>\n<meta name=\"twitter:card\" content=\"summary_large_image\" \/>\n<meta name=\"twitter:site\" content=\"@empab_369\" \/>\n<meta name=\"twitter:label1\" content=\"Dur\u00e9e de lecture estim\u00e9e\" \/>\n\t<meta name=\"twitter:data1\" content=\"1 minute\" \/>\n<script type=\"application\/ld+json\" class=\"yoast-schema-graph\">{\"@context\":\"https:\\\/\\\/schema.org\",\"@graph\":[{\"@type\":\"WebPage\",\"@id\":\"https:\\\/\\\/empab.fr\\\/index.php\\\/produit\\\/forfait-3-massages-reduction-15-detente-regularite-empab\\\/\",\"url\":\"https:\\\/\\\/empab.fr\\\/index.php\\\/produit\\\/forfait-3-massages-reduction-15-detente-regularite-empab\\\/\",\"name\":\"Forfait massage 15% de r\u00e9duction de 30-45-60-90 minutes EMPAB\",\"isPartOf\":{\"@id\":\"https:\\\/\\\/empab.fr\\\/#website\"},\"primaryImageOfPage\":{\"@id\":\"https:\\\/\\\/empab.fr\\\/index.php\\\/produit\\\/forfait-3-massages-reduction-15-detente-regularite-empab\\\/#primaryimage\"},\"image\":{\"@id\":\"https:\\\/\\\/empab.fr\\\/index.php\\\/produit\\\/forfait-3-massages-reduction-15-detente-regularite-empab\\\/#primaryimage\"},\"thumbnailUrl\":\"https:\\\/\\\/empab.fr\\\/wp-content\\\/uploads\\\/2024\\\/12\\\/Pastille-forfait-3-massage-15-2.png\",\"datePublished\":\"2026-03-28T22:40:16+00:00\",\"description\":\"Profitez de 3 massages au choix avec 15% de r\u00e9duction chez EMPAB ! Id\u00e9al pour une d\u00e9tente r\u00e9guli\u00e8re, un suivi personnalis\u00e9 ou un cadeau bien-\u00eatre malin\",\"breadcrumb\":{\"@id\":\"https:\\\/\\\/empab.fr\\\/index.php\\\/produit\\\/forfait-3-massages-reduction-15-detente-regularite-empab\\\/#breadcrumb\"},\"inLanguage\":\"fr-FR\",\"potentialAction\":[{\"@type\":\"ReadAction\",\"target\":[\"https:\\\/\\\/empab.fr\\\/index.php\\\/produit\\\/forfait-3-massages-reduction-15-detente-regularite-empab\\\/\"]}]},{\"@type\":\"ImageObject\",\"inLanguage\":\"fr-FR\",\"@id\":\"https:\\\/\\\/empab.fr\\\/index.php\\\/produit\\\/forfait-3-massages-reduction-15-detente-regularite-empab\\\/#primaryimage\",\"url\":\"https:\\\/\\\/empab.fr\\\/wp-content\\\/uploads\\\/2024\\\/12\\\/Pastille-forfait-3-massage-15-2.png\",\"contentUrl\":\"https:\\\/\\\/empab.fr\\\/wp-content\\\/uploads\\\/2024\\\/12\\\/Pastille-forfait-3-massage-15-2.png\",\"width\":906,\"height\":907,\"caption\":\"D\u00e9couvrez un univers de d\u00e9tente et de luxe avec notre offre sp\u00e9ciale : 3 massages \u00e0 -15%. Profitez d\u2019un moment de relaxation unique dans un cadre raffin\u00e9.\"},{\"@type\":\"BreadcrumbList\",\"@id\":\"https:\\\/\\\/empab.fr\\\/index.php\\\/produit\\\/forfait-3-massages-reduction-15-detente-regularite-empab\\\/#breadcrumb\",\"itemListElement\":[{\"@type\":\"ListItem\",\"position\":1,\"name\":\"Accueil\",\"item\":\"https:\\\/\\\/empab.fr\\\/\"},{\"@type\":\"ListItem\",\"position\":2,\"name\":\"Boutique\",\"item\":\"https:\\\/\\\/empab.fr\\\/index.php\\\/massages-bien-etre-cosne-cours-sur-loire-prestations\\\/\"},{\"@type\":\"ListItem\",\"position\":3,\"name\":\"Forfait 3 massages\"}]},{\"@type\":\"WebSite\",\"@id\":\"https:\\\/\\\/empab.fr\\\/#website\",\"url\":\"https:\\\/\\\/empab.fr\\\/\",\"name\":\"EMPAB -\u00caTRE MIEUX POUR ALLER BIEN\",\"description\":\"Du bien-\u00eatre au mieux-\u00eatre\",\"publisher\":{\"@id\":\"https:\\\/\\\/empab.fr\\\/#organization\"},\"potentialAction\":[{\"@type\":\"SearchAction\",\"target\":{\"@type\":\"EntryPoint\",\"urlTemplate\":\"https:\\\/\\\/empab.fr\\\/?s={search_term_string}\"},\"query-input\":{\"@type\":\"PropertyValueSpecification\",\"valueRequired\":true,\"valueName\":\"search_term_string\"}}],\"inLanguage\":\"fr-FR\"},{\"@type\":\"Organization\",\"@id\":\"https:\\\/\\\/empab.fr\\\/#organization\",\"name\":\"EMPAB -\u00caTRE MIEUX POUR ALLER BIEN\",\"url\":\"https:\\\/\\\/empab.fr\\\/\",\"logo\":{\"@type\":\"ImageObject\",\"inLanguage\":\"fr-FR\",\"@id\":\"https:\\\/\\\/empab.fr\\\/#\\\/schema\\\/logo\\\/image\\\/\",\"url\":\"https:\\\/\\\/empab.fr\\\/wp-content\\\/uploads\\\/2025\\\/02\\\/cropped-logo-EMPAB-AVEC-SILHOUETES.png\",\"contentUrl\":\"https:\\\/\\\/empab.fr\\\/wp-content\\\/uploads\\\/2025\\\/02\\\/cropped-logo-EMPAB-AVEC-SILHOUETES.png\",\"width\":382,\"height\":392,\"caption\":\"EMPAB -\u00caTRE MIEUX POUR ALLER BIEN\"},\"image\":{\"@id\":\"https:\\\/\\\/empab.fr\\\/#\\\/schema\\\/logo\\\/image\\\/\"},\"sameAs\":[\"https:\\\/\\\/www.facebook.com\\\/profile.php?id=100091632164342\",\"https:\\\/\\\/x.com\\\/empab_369\",\"https:\\\/\\\/www.instagram.com\\\/etre.mieux.pour.aller.bien\\\/\"]}]}<\/script>\n<!-- \/ Yoast SEO plugin. -->","yoast_head_json":{"title":"Forfait massage 15% de r\u00e9duction de 30-45-60-90 minutes EMPAB","description":"Profitez de 3 massages au choix avec 15% de r\u00e9duction chez EMPAB ! Id\u00e9al pour une d\u00e9tente r\u00e9guli\u00e8re, un suivi personnalis\u00e9 ou un cadeau bien-\u00eatre malin","robots":{"index":"index","follow":"follow","max-snippet":"max-snippet:-1","max-image-preview":"max-image-preview:large","max-video-preview":"max-video-preview:-1"},"canonical":"https:\/\/empab.fr\/index.php\/produit\/forfait-3-massages-reduction-15-detente-regularite-empab\/","og_locale":"fr_FR","og_type":"article","og_title":"Forfait massage 15% de r\u00e9duction de 30-45-60-90 minutes EMPAB","og_description":"Profitez de 3 massages au choix avec 15% de r\u00e9duction chez EMPAB ! Id\u00e9al pour une d\u00e9tente r\u00e9guli\u00e8re, un suivi personnalis\u00e9 ou un cadeau bien-\u00eatre malin","og_url":"https:\/\/empab.fr\/index.php\/produit\/forfait-3-massages-reduction-15-detente-regularite-empab\/","og_site_name":"EMPAB -\u00caTRE MIEUX POUR ALLER BIEN","article_publisher":"https:\/\/www.facebook.com\/profile.php?id=100091632164342","og_image":[{"width":906,"height":907,"url":"https:\/\/empab.fr\/wp-content\/uploads\/2024\/12\/Pastille-forfait-3-massage-15-2.png","type":"image\/png"}],"twitter_card":"summary_large_image","twitter_site":"@empab_369","twitter_misc":{"Dur\u00e9e de lecture estim\u00e9e":"1 minute"},"schema":{"@context":"https:\/\/schema.org","@graph":[{"@type":"WebPage","@id":"https:\/\/empab.fr\/index.php\/produit\/forfait-3-massages-reduction-15-detente-regularite-empab\/","url":"https:\/\/empab.fr\/index.php\/produit\/forfait-3-massages-reduction-15-detente-regularite-empab\/","name":"Forfait massage 15% de r\u00e9duction de 30-45-60-90 minutes EMPAB","isPartOf":{"@id":"https:\/\/empab.fr\/#website"},"primaryImageOfPage":{"@id":"https:\/\/empab.fr\/index.php\/produit\/forfait-3-massages-reduction-15-detente-regularite-empab\/#primaryimage"},"image":{"@id":"https:\/\/empab.fr\/index.php\/produit\/forfait-3-massages-reduction-15-detente-regularite-empab\/#primaryimage"},"thumbnailUrl":"https:\/\/empab.fr\/wp-content\/uploads\/2024\/12\/Pastille-forfait-3-massage-15-2.png","datePublished":"2026-03-28T22:40:16+00:00","description":"Profitez de 3 massages au choix avec 15% de r\u00e9duction chez EMPAB ! Id\u00e9al pour une d\u00e9tente r\u00e9guli\u00e8re, un suivi personnalis\u00e9 ou un cadeau bien-\u00eatre malin","breadcrumb":{"@id":"https:\/\/empab.fr\/index.php\/produit\/forfait-3-massages-reduction-15-detente-regularite-empab\/#breadcrumb"},"inLanguage":"fr-FR","potentialAction":[{"@type":"ReadAction","target":["https:\/\/empab.fr\/index.php\/produit\/forfait-3-massages-reduction-15-detente-regularite-empab\/"]}]},{"@type":"ImageObject","inLanguage":"fr-FR","@id":"https:\/\/empab.fr\/index.php\/produit\/forfait-3-massages-reduction-15-detente-regularite-empab\/#primaryimage","url":"https:\/\/empab.fr\/wp-content\/uploads\/2024\/12\/Pastille-forfait-3-massage-15-2.png","contentUrl":"https:\/\/empab.fr\/wp-content\/uploads\/2024\/12\/Pastille-forfait-3-massage-15-2.png","width":906,"height":907,"caption":"D\u00e9couvrez un univers de d\u00e9tente et de luxe avec notre offre sp\u00e9ciale : 3 massages \u00e0 -15%. Profitez d\u2019un moment de relaxation unique dans un cadre raffin\u00e9."},{"@type":"BreadcrumbList","@id":"https:\/\/empab.fr\/index.php\/produit\/forfait-3-massages-reduction-15-detente-regularite-empab\/#breadcrumb","itemListElement":[{"@type":"ListItem","position":1,"name":"Accueil","item":"https:\/\/empab.fr\/"},{"@type":"ListItem","position":2,"name":"Boutique","item":"https:\/\/empab.fr\/index.php\/massages-bien-etre-cosne-cours-sur-loire-prestations\/"},{"@type":"ListItem","position":3,"name":"Forfait 3 massages"}]},{"@type":"WebSite","@id":"https:\/\/empab.fr\/#website","url":"https:\/\/empab.fr\/","name":"EMPAB -\u00caTRE MIEUX POUR ALLER BIEN","description":"Du bien-\u00eatre au mieux-\u00eatre","publisher":{"@id":"https:\/\/empab.fr\/#organization"},"potentialAction":[{"@type":"SearchAction","target":{"@type":"EntryPoint","urlTemplate":"https:\/\/empab.fr\/?s={search_term_string}"},"query-input":{"@type":"PropertyValueSpecification","valueRequired":true,"valueName":"search_term_string"}}],"inLanguage":"fr-FR"},{"@type":"Organization","@id":"https:\/\/empab.fr\/#organization","name":"EMPAB -\u00caTRE MIEUX POUR ALLER BIEN","url":"https:\/\/empab.fr\/","logo":{"@type":"ImageObject","inLanguage":"fr-FR","@id":"https:\/\/empab.fr\/#\/schema\/logo\/image\/","url":"https:\/\/empab.fr\/wp-content\/uploads\/2025\/02\/cropped-logo-EMPAB-AVEC-SILHOUETES.png","contentUrl":"https:\/\/empab.fr\/wp-content\/uploads\/2025\/02\/cropped-logo-EMPAB-AVEC-SILHOUETES.png","width":382,"height":392,"caption":"EMPAB -\u00caTRE MIEUX POUR ALLER BIEN"},"image":{"@id":"https:\/\/empab.fr\/#\/schema\/logo\/image\/"},"sameAs":["https:\/\/www.facebook.com\/profile.php?id=100091632164342","https:\/\/x.com\/empab_369","https:\/\/www.instagram.com\/etre.mieux.pour.aller.bien\/"]}]}},"jetpack_sharing_enabled":true,"_links":{"self":[{"href":"https:\/\/empab.fr\/index.php\/wp-json\/wp\/v2\/product\/2046","targetHints":{"allow":["GET"]}}],"collection":[{"href":"https:\/\/empab.fr\/index.php\/wp-json\/wp\/v2\/product"}],"about":[{"href":"https:\/\/empab.fr\/index.php\/wp-json\/wp\/v2\/types\/product"}],"replies":[{"embeddable":true,"href":"https:\/\/empab.fr\/index.php\/wp-json\/wp\/v2\/comments?post=2046"}],"wp:featuredmedia":[{"embeddable":true,"href":"https:\/\/empab.fr\/index.php\/wp-json\/wp\/v2\/media\/880"}],"wp:attachment":[{"href":"https:\/\/empab.fr\/index.php\/wp-json\/wp\/v2\/media?parent=2046"}],"wp:term":[{"taxonomy":"product_brand","embeddable":true,"href":"https:\/\/empab.fr\/index.php\/wp-json\/wp\/v2\/product_brand?post=2046"},{"taxonomy":"product_cat","embeddable":true,"href":"https:\/\/empab.fr\/index.php\/wp-json\/wp\/v2\/product_cat?post=2046"},{"taxonomy":"product_tag","embeddable":true,"href":"https:\/\/empab.fr\/index.php\/wp-json\/wp\/v2\/product_tag?post=2046"}],"curies":[{"name":"wp","href":"https:\/\/api.w.org\/{rel}","templated":true}]}}