{"id":2024,"date":"2026-03-24T15:46:28","date_gmt":"2026-03-24T14:46:28","guid":{"rendered":"https:\/\/empab.fr\/?post_type=product&#038;p=2024"},"modified":"2026-03-24T15:46:28","modified_gmt":"2026-03-24T14:46:28","slug":"massage-corps-de-60-minutes","status":"publish","type":"product","link":"https:\/\/empab.fr\/index.php\/produit\/massage-corps-de-60-minutes\/","title":{"rendered":"Massage corps de 60 minutes"},"content":{"rendered":"<p>Le <strong>massage Corps 60 Minutes<\/strong> d\u2019EMPAB est une s\u00e9ance compl\u00e8te con\u00e7ue pour <strong>d\u00e9tendre l\u2019ensemble du corps<\/strong> en ciblant les zones de tension et de stress. Ce massage permet de :<\/p>\n<ul>\n<li><strong>Rel\u00e2cher les muscles<\/strong> et d\u00e9nouer les tensions accumul\u00e9es dans le dos, les \u00e9paules, les bras, les jambes et le bas du corps.<\/li>\n<li><strong>Am\u00e9liorer la circulation sanguine et lymphatique<\/strong>, favorisant une meilleure oxyg\u00e9nation des tissus.<\/li>\n<li><strong>Apaiser l\u2019esprit<\/strong>, en offrant une pause relaxante pour \u00e9vacuer le stress et retrouver s\u00e9r\u00e9nit\u00e9.<\/li>\n<li><strong>Revitaliser le corps<\/strong>, pour une sensation de l\u00e9g\u00e8ret\u00e9 et de bien-\u00eatre global.<\/li>\n<\/ul>\n<p>Id\u00e9al pour ceux qui cherchent \u00e0 <strong>se d\u00e9tendre rapidement<\/strong>, am\u00e9liorer leur confort physique ou simplement s\u2019offrir un moment de relaxation intense.<\/p>\n","protected":false},"excerpt":{"rendered":"<p><strong>Un massage complet pour une d\u00e9tente optimale en 60 minutes<\/strong><br \/>\nLe <strong>massage Corps 60 Minutes<\/strong> d\u2019EMPAB agit sur l\u2019ensemble du corps pour rel\u00e2cher les tensions, stimuler la circulation et offrir une relaxation profonde. Parfait pour une pause bien-\u00eatre efficace et revitalisante.<\/p>\n","protected":false},"featured_media":2025,"comment_status":"open","ping_status":"closed","template":"","meta":[],"product_brand":[],"product_cat":[30],"product_tag":[],"class_list":{"0":"post-2024","1":"product","2":"type-product","3":"status-publish","4":"has-post-thumbnail","6":"product_cat-60-minutes","8":"entry","9":"has-media","11":"first","12":"instock","13":"virtual","14":"purchasable","15":"product-type-simple","16":"has-product-nav","17":"col","18":"span_1_of_4","19":"owp-content-center","20":"owp-thumbs-layout-horizontal","21":"owp-btn-normal","22":"owp-tabs-layout-horizontal","23":"has-no-thumbnails"},"yoast_head":"<!-- This site is optimized with the Yoast SEO plugin v27.4 - https:\/\/yoast.com\/product\/yoast-seo-wordpress\/ -->\n<title>Massage Corps 60 Minutes \u2013 D\u00e9tente Compl\u00e8te et Revitalisation<\/title>\n<meta name=\"description\" content=\"Massage Corps EMPAB. Offrez-vous 60 minutes de d\u00e9tente et lib\u00e9rez les tensions, am\u00e9liorez la circulation et retrouvez bien-\u00eatre et l\u00e9g\u00e8ret\u00e9 en une heure\" \/>\n<meta name=\"robots\" content=\"index, follow, max-snippet:-1, max-image-preview:large, max-video-preview:-1\" \/>\n<link rel=\"canonical\" href=\"https:\/\/empab.fr\/index.php\/produit\/massage-corps-de-60-minutes\/\" \/>\n<meta property=\"og:locale\" content=\"fr_FR\" \/>\n<meta property=\"og:type\" content=\"article\" \/>\n<meta property=\"og:title\" content=\"Massage Corps 60 Minutes \u2013 D\u00e9tente Compl\u00e8te et Revitalisation\" \/>\n<meta property=\"og:description\" content=\"Massage Corps EMPAB. Offrez-vous 60 minutes de d\u00e9tente et lib\u00e9rez les tensions, am\u00e9liorez la circulation et retrouvez bien-\u00eatre et l\u00e9g\u00e8ret\u00e9 en une heure\" \/>\n<meta property=\"og:url\" content=\"https:\/\/empab.fr\/index.php\/produit\/massage-corps-de-60-minutes\/\" \/>\n<meta property=\"og:site_name\" content=\"EMPAB -\u00caTRE MIEUX POUR ALLER BIEN\" \/>\n<meta property=\"article:publisher\" content=\"https:\/\/www.facebook.com\/profile.php?id=100091632164342\" \/>\n<meta property=\"og:image\" content=\"https:\/\/empab.fr\/wp-content\/uploads\/2026\/03\/PASTILLE-MASSAGE-CORPS-60-MINUTES.png\" \/>\n\t<meta property=\"og:image:width\" content=\"1142\" \/>\n\t<meta property=\"og:image:height\" content=\"977\" \/>\n\t<meta property=\"og:image:type\" content=\"image\/png\" \/>\n<meta name=\"twitter:card\" content=\"summary_large_image\" \/>\n<meta name=\"twitter:site\" content=\"@empab_369\" \/>\n<meta name=\"twitter:label1\" content=\"Dur\u00e9e de lecture estim\u00e9e\" \/>\n\t<meta name=\"twitter:data1\" content=\"1 minute\" \/>\n<script type=\"application\/ld+json\" class=\"yoast-schema-graph\">{\"@context\":\"https:\\\/\\\/schema.org\",\"@graph\":[{\"@type\":\"WebPage\",\"@id\":\"https:\\\/\\\/empab.fr\\\/index.php\\\/produit\\\/massage-corps-de-60-minutes\\\/\",\"url\":\"https:\\\/\\\/empab.fr\\\/index.php\\\/produit\\\/massage-corps-de-60-minutes\\\/\",\"name\":\"Massage Corps 60 Minutes \u2013 D\u00e9tente Compl\u00e8te et Revitalisation\",\"isPartOf\":{\"@id\":\"https:\\\/\\\/empab.fr\\\/#website\"},\"primaryImageOfPage\":{\"@id\":\"https:\\\/\\\/empab.fr\\\/index.php\\\/produit\\\/massage-corps-de-60-minutes\\\/#primaryimage\"},\"image\":{\"@id\":\"https:\\\/\\\/empab.fr\\\/index.php\\\/produit\\\/massage-corps-de-60-minutes\\\/#primaryimage\"},\"thumbnailUrl\":\"https:\\\/\\\/empab.fr\\\/wp-content\\\/uploads\\\/2026\\\/03\\\/PASTILLE-MASSAGE-CORPS-60-MINUTES.png\",\"datePublished\":\"2026-03-24T14:46:28+00:00\",\"description\":\"Massage Corps EMPAB. Offrez-vous 60 minutes de d\u00e9tente et lib\u00e9rez les tensions, am\u00e9liorez la circulation et retrouvez bien-\u00eatre et l\u00e9g\u00e8ret\u00e9 en une heure\",\"breadcrumb\":{\"@id\":\"https:\\\/\\\/empab.fr\\\/index.php\\\/produit\\\/massage-corps-de-60-minutes\\\/#breadcrumb\"},\"inLanguage\":\"fr-FR\",\"potentialAction\":[{\"@type\":\"ReadAction\",\"target\":[\"https:\\\/\\\/empab.fr\\\/index.php\\\/produit\\\/massage-corps-de-60-minutes\\\/\"]}]},{\"@type\":\"ImageObject\",\"inLanguage\":\"fr-FR\",\"@id\":\"https:\\\/\\\/empab.fr\\\/index.php\\\/produit\\\/massage-corps-de-60-minutes\\\/#primaryimage\",\"url\":\"https:\\\/\\\/empab.fr\\\/wp-content\\\/uploads\\\/2026\\\/03\\\/PASTILLE-MASSAGE-CORPS-60-MINUTES.png\",\"contentUrl\":\"https:\\\/\\\/empab.fr\\\/wp-content\\\/uploads\\\/2026\\\/03\\\/PASTILLE-MASSAGE-CORPS-60-MINUTES.png\",\"width\":1142,\"height\":977,\"caption\":\"Une s\u00e9ance de massage complet du corps de 60 minutes chez EMPAB, pour lib\u00e9rer les tensions et retrouver bien-\u00eatre et s\u00e9r\u00e9nit\u00e9.\"},{\"@type\":\"BreadcrumbList\",\"@id\":\"https:\\\/\\\/empab.fr\\\/index.php\\\/produit\\\/massage-corps-de-60-minutes\\\/#breadcrumb\",\"itemListElement\":[{\"@type\":\"ListItem\",\"position\":1,\"name\":\"Accueil\",\"item\":\"https:\\\/\\\/empab.fr\\\/\"},{\"@type\":\"ListItem\",\"position\":2,\"name\":\"Boutique\",\"item\":\"https:\\\/\\\/empab.fr\\\/index.php\\\/massages-bien-etre-cosne-cours-sur-loire-prestations\\\/\"},{\"@type\":\"ListItem\",\"position\":3,\"name\":\"Massage corps de 60 minutes\"}]},{\"@type\":\"WebSite\",\"@id\":\"https:\\\/\\\/empab.fr\\\/#website\",\"url\":\"https:\\\/\\\/empab.fr\\\/\",\"name\":\"EMPAB -\u00caTRE MIEUX POUR ALLER BIEN\",\"description\":\"Du bien-\u00eatre au mieux-\u00eatre\",\"publisher\":{\"@id\":\"https:\\\/\\\/empab.fr\\\/#organization\"},\"potentialAction\":[{\"@type\":\"SearchAction\",\"target\":{\"@type\":\"EntryPoint\",\"urlTemplate\":\"https:\\\/\\\/empab.fr\\\/?s={search_term_string}\"},\"query-input\":{\"@type\":\"PropertyValueSpecification\",\"valueRequired\":true,\"valueName\":\"search_term_string\"}}],\"inLanguage\":\"fr-FR\"},{\"@type\":\"Organization\",\"@id\":\"https:\\\/\\\/empab.fr\\\/#organization\",\"name\":\"EMPAB -\u00caTRE MIEUX POUR ALLER BIEN\",\"url\":\"https:\\\/\\\/empab.fr\\\/\",\"logo\":{\"@type\":\"ImageObject\",\"inLanguage\":\"fr-FR\",\"@id\":\"https:\\\/\\\/empab.fr\\\/#\\\/schema\\\/logo\\\/image\\\/\",\"url\":\"https:\\\/\\\/empab.fr\\\/wp-content\\\/uploads\\\/2025\\\/02\\\/cropped-logo-EMPAB-AVEC-SILHOUETES.png\",\"contentUrl\":\"https:\\\/\\\/empab.fr\\\/wp-content\\\/uploads\\\/2025\\\/02\\\/cropped-logo-EMPAB-AVEC-SILHOUETES.png\",\"width\":382,\"height\":392,\"caption\":\"EMPAB -\u00caTRE MIEUX POUR ALLER BIEN\"},\"image\":{\"@id\":\"https:\\\/\\\/empab.fr\\\/#\\\/schema\\\/logo\\\/image\\\/\"},\"sameAs\":[\"https:\\\/\\\/www.facebook.com\\\/profile.php?id=100091632164342\",\"https:\\\/\\\/x.com\\\/empab_369\",\"https:\\\/\\\/www.instagram.com\\\/etre.mieux.pour.aller.bien\\\/\"]}]}<\/script>\n<!-- \/ Yoast SEO plugin. -->","yoast_head_json":{"title":"Massage Corps 60 Minutes \u2013 D\u00e9tente Compl\u00e8te et Revitalisation","description":"Massage Corps EMPAB. Offrez-vous 60 minutes de d\u00e9tente et lib\u00e9rez les tensions, am\u00e9liorez la circulation et retrouvez bien-\u00eatre et l\u00e9g\u00e8ret\u00e9 en une heure","robots":{"index":"index","follow":"follow","max-snippet":"max-snippet:-1","max-image-preview":"max-image-preview:large","max-video-preview":"max-video-preview:-1"},"canonical":"https:\/\/empab.fr\/index.php\/produit\/massage-corps-de-60-minutes\/","og_locale":"fr_FR","og_type":"article","og_title":"Massage Corps 60 Minutes \u2013 D\u00e9tente Compl\u00e8te et Revitalisation","og_description":"Massage Corps EMPAB. Offrez-vous 60 minutes de d\u00e9tente et lib\u00e9rez les tensions, am\u00e9liorez la circulation et retrouvez bien-\u00eatre et l\u00e9g\u00e8ret\u00e9 en une heure","og_url":"https:\/\/empab.fr\/index.php\/produit\/massage-corps-de-60-minutes\/","og_site_name":"EMPAB -\u00caTRE MIEUX POUR ALLER BIEN","article_publisher":"https:\/\/www.facebook.com\/profile.php?id=100091632164342","og_image":[{"width":1142,"height":977,"url":"https:\/\/empab.fr\/wp-content\/uploads\/2026\/03\/PASTILLE-MASSAGE-CORPS-60-MINUTES.png","type":"image\/png"}],"twitter_card":"summary_large_image","twitter_site":"@empab_369","twitter_misc":{"Dur\u00e9e de lecture estim\u00e9e":"1 minute"},"schema":{"@context":"https:\/\/schema.org","@graph":[{"@type":"WebPage","@id":"https:\/\/empab.fr\/index.php\/produit\/massage-corps-de-60-minutes\/","url":"https:\/\/empab.fr\/index.php\/produit\/massage-corps-de-60-minutes\/","name":"Massage Corps 60 Minutes \u2013 D\u00e9tente Compl\u00e8te et Revitalisation","isPartOf":{"@id":"https:\/\/empab.fr\/#website"},"primaryImageOfPage":{"@id":"https:\/\/empab.fr\/index.php\/produit\/massage-corps-de-60-minutes\/#primaryimage"},"image":{"@id":"https:\/\/empab.fr\/index.php\/produit\/massage-corps-de-60-minutes\/#primaryimage"},"thumbnailUrl":"https:\/\/empab.fr\/wp-content\/uploads\/2026\/03\/PASTILLE-MASSAGE-CORPS-60-MINUTES.png","datePublished":"2026-03-24T14:46:28+00:00","description":"Massage Corps EMPAB. Offrez-vous 60 minutes de d\u00e9tente et lib\u00e9rez les tensions, am\u00e9liorez la circulation et retrouvez bien-\u00eatre et l\u00e9g\u00e8ret\u00e9 en une heure","breadcrumb":{"@id":"https:\/\/empab.fr\/index.php\/produit\/massage-corps-de-60-minutes\/#breadcrumb"},"inLanguage":"fr-FR","potentialAction":[{"@type":"ReadAction","target":["https:\/\/empab.fr\/index.php\/produit\/massage-corps-de-60-minutes\/"]}]},{"@type":"ImageObject","inLanguage":"fr-FR","@id":"https:\/\/empab.fr\/index.php\/produit\/massage-corps-de-60-minutes\/#primaryimage","url":"https:\/\/empab.fr\/wp-content\/uploads\/2026\/03\/PASTILLE-MASSAGE-CORPS-60-MINUTES.png","contentUrl":"https:\/\/empab.fr\/wp-content\/uploads\/2026\/03\/PASTILLE-MASSAGE-CORPS-60-MINUTES.png","width":1142,"height":977,"caption":"Une s\u00e9ance de massage complet du corps de 60 minutes chez EMPAB, pour lib\u00e9rer les tensions et retrouver bien-\u00eatre et s\u00e9r\u00e9nit\u00e9."},{"@type":"BreadcrumbList","@id":"https:\/\/empab.fr\/index.php\/produit\/massage-corps-de-60-minutes\/#breadcrumb","itemListElement":[{"@type":"ListItem","position":1,"name":"Accueil","item":"https:\/\/empab.fr\/"},{"@type":"ListItem","position":2,"name":"Boutique","item":"https:\/\/empab.fr\/index.php\/massages-bien-etre-cosne-cours-sur-loire-prestations\/"},{"@type":"ListItem","position":3,"name":"Massage corps de 60 minutes"}]},{"@type":"WebSite","@id":"https:\/\/empab.fr\/#website","url":"https:\/\/empab.fr\/","name":"EMPAB -\u00caTRE MIEUX POUR ALLER BIEN","description":"Du bien-\u00eatre au mieux-\u00eatre","publisher":{"@id":"https:\/\/empab.fr\/#organization"},"potentialAction":[{"@type":"SearchAction","target":{"@type":"EntryPoint","urlTemplate":"https:\/\/empab.fr\/?s={search_term_string}"},"query-input":{"@type":"PropertyValueSpecification","valueRequired":true,"valueName":"search_term_string"}}],"inLanguage":"fr-FR"},{"@type":"Organization","@id":"https:\/\/empab.fr\/#organization","name":"EMPAB -\u00caTRE MIEUX POUR ALLER BIEN","url":"https:\/\/empab.fr\/","logo":{"@type":"ImageObject","inLanguage":"fr-FR","@id":"https:\/\/empab.fr\/#\/schema\/logo\/image\/","url":"https:\/\/empab.fr\/wp-content\/uploads\/2025\/02\/cropped-logo-EMPAB-AVEC-SILHOUETES.png","contentUrl":"https:\/\/empab.fr\/wp-content\/uploads\/2025\/02\/cropped-logo-EMPAB-AVEC-SILHOUETES.png","width":382,"height":392,"caption":"EMPAB -\u00caTRE MIEUX POUR ALLER BIEN"},"image":{"@id":"https:\/\/empab.fr\/#\/schema\/logo\/image\/"},"sameAs":["https:\/\/www.facebook.com\/profile.php?id=100091632164342","https:\/\/x.com\/empab_369","https:\/\/www.instagram.com\/etre.mieux.pour.aller.bien\/"]}]}},"jetpack_sharing_enabled":true,"_links":{"self":[{"href":"https:\/\/empab.fr\/index.php\/wp-json\/wp\/v2\/product\/2024","targetHints":{"allow":["GET"]}}],"collection":[{"href":"https:\/\/empab.fr\/index.php\/wp-json\/wp\/v2\/product"}],"about":[{"href":"https:\/\/empab.fr\/index.php\/wp-json\/wp\/v2\/types\/product"}],"replies":[{"embeddable":true,"href":"https:\/\/empab.fr\/index.php\/wp-json\/wp\/v2\/comments?post=2024"}],"wp:featuredmedia":[{"embeddable":true,"href":"https:\/\/empab.fr\/index.php\/wp-json\/wp\/v2\/media\/2025"}],"wp:attachment":[{"href":"https:\/\/empab.fr\/index.php\/wp-json\/wp\/v2\/media?parent=2024"}],"wp:term":[{"taxonomy":"product_brand","embeddable":true,"href":"https:\/\/empab.fr\/index.php\/wp-json\/wp\/v2\/product_brand?post=2024"},{"taxonomy":"product_cat","embeddable":true,"href":"https:\/\/empab.fr\/index.php\/wp-json\/wp\/v2\/product_cat?post=2024"},{"taxonomy":"product_tag","embeddable":true,"href":"https:\/\/empab.fr\/index.php\/wp-json\/wp\/v2\/product_tag?post=2024"}],"curies":[{"name":"wp","href":"https:\/\/api.w.org\/{rel}","templated":true}]}}