{"id":2020,"date":"2026-03-24T15:29:01","date_gmt":"2026-03-24T14:29:01","guid":{"rendered":"https:\/\/empab.fr\/?post_type=product&#038;p=2020"},"modified":"2026-03-24T15:36:57","modified_gmt":"2026-03-24T14:36:57","slug":"massage-du-bas-du-corps-en-30-minutes","status":"publish","type":"product","link":"https:\/\/empab.fr\/index.php\/produit\/massage-du-bas-du-corps-en-30-minutes\/","title":{"rendered":"Massage du Bas du corps en 30 minutes"},"content":{"rendered":"<p>Le <strong>massage Bas du Corps<\/strong> d\u2019EMPAB est sp\u00e9cialement con\u00e7u pour cibler les zones situ\u00e9es sous la taille : <strong>fessiers, cuisses, jambes, pieds et bas du dos<\/strong>. Ce massage complet permet de :<\/p>\n<ul>\n<li><strong>D\u00e9tendre les muscles des cuisses et des fessiers<\/strong>, souvent sollicit\u00e9s et sujets aux tensions.<\/li>\n<li><strong>Soulager les jambes lourdes et fatigu\u00e9es<\/strong>, en stimulant la circulation sanguine et lymphatique.<\/li>\n<li><strong>Apaiser les pieds<\/strong>, zones de pression et de stress accumul\u00e9.<\/li>\n<li><strong>Rel\u00e2cher le bas du dos<\/strong>, pour une sensation de l\u00e9g\u00e8ret\u00e9 et de confort global.<\/li>\n<\/ul>\n<p>Id\u00e9al pour ceux qui cherchent \u00e0 <strong>\u00e9vacuer les tensions accumul\u00e9es<\/strong>, am\u00e9liorer leur mobilit\u00e9 ou simplement s\u2019offrir un moment de d\u00e9tente cibl\u00e9e sur la partie inf\u00e9rieure du corps.<\/p>\n","protected":false},"excerpt":{"rendered":"<p><strong>Un massage complet pour le bas du corps<\/strong><br \/>\nLe <strong>massage Bas du Corps<\/strong> d\u2019EMPAB agit sur les fessiers, les cuisses, les jambes et les pieds. Parfait pour rel\u00e2cher les tensions, stimuler la circulation et offrir une relaxation profonde et revitalisante.<\/p>\n","protected":false},"featured_media":2021,"comment_status":"open","ping_status":"closed","template":"","meta":[],"product_brand":[],"product_cat":[27],"product_tag":[],"class_list":{"0":"post-2020","1":"product","2":"type-product","3":"status-publish","4":"has-post-thumbnail","6":"product_cat-30-minutes","8":"entry","9":"has-media","11":"first","12":"instock","13":"virtual","14":"purchasable","15":"product-type-simple","16":"has-product-nav","17":"col","18":"span_1_of_4","19":"owp-content-center","20":"owp-thumbs-layout-horizontal","21":"owp-btn-normal","22":"owp-tabs-layout-horizontal","23":"has-no-thumbnails"},"yoast_head":"<!-- This site is optimized with the Yoast SEO plugin v27.4 - https:\/\/yoast.com\/product\/yoast-seo-wordpress\/ -->\n<title>Massage Bas du Corps d\u00e9tente et circulation optimales 30 minutes<\/title>\n<meta name=\"description\" content=\"Massage Bas du Corps EMPAB. Soulage les tensions, am\u00e9liore la circulation et retrouve l\u00e9g\u00e8ret\u00e9 et bien-\u00eatre pour les jambes, fesses et pieds\" \/>\n<meta name=\"robots\" content=\"index, follow, max-snippet:-1, max-image-preview:large, max-video-preview:-1\" \/>\n<link rel=\"canonical\" href=\"https:\/\/empab.fr\/index.php\/produit\/massage-du-bas-du-corps-en-30-minutes\/\" \/>\n<meta property=\"og:locale\" content=\"fr_FR\" \/>\n<meta property=\"og:type\" content=\"article\" \/>\n<meta property=\"og:title\" content=\"Massage Bas du Corps d\u00e9tente et circulation optimales 30 minutes\" \/>\n<meta property=\"og:description\" content=\"Massage Bas du Corps EMPAB. Soulage les tensions, am\u00e9liore la circulation et retrouve l\u00e9g\u00e8ret\u00e9 et bien-\u00eatre pour les jambes, fesses et pieds\" \/>\n<meta property=\"og:url\" content=\"https:\/\/empab.fr\/index.php\/produit\/massage-du-bas-du-corps-en-30-minutes\/\" \/>\n<meta property=\"og:site_name\" content=\"EMPAB -\u00caTRE MIEUX POUR ALLER BIEN\" \/>\n<meta property=\"article:publisher\" content=\"https:\/\/www.facebook.com\/profile.php?id=100091632164342\" \/>\n<meta property=\"article:modified_time\" content=\"2026-03-24T14:36:57+00:00\" \/>\n<meta property=\"og:image\" content=\"https:\/\/empab.fr\/wp-content\/uploads\/2026\/03\/PASTILLE-MASSAGE-BAS-DU-CORPS.png\" \/>\n\t<meta property=\"og:image:width\" content=\"1142\" \/>\n\t<meta property=\"og:image:height\" content=\"977\" \/>\n\t<meta property=\"og:image:type\" content=\"image\/png\" \/>\n<meta name=\"twitter:card\" content=\"summary_large_image\" \/>\n<meta name=\"twitter:site\" content=\"@empab_369\" \/>\n<meta name=\"twitter:label1\" content=\"Dur\u00e9e de lecture estim\u00e9e\" \/>\n\t<meta name=\"twitter:data1\" content=\"1 minute\" \/>\n<script type=\"application\/ld+json\" class=\"yoast-schema-graph\">{\"@context\":\"https:\\\/\\\/schema.org\",\"@graph\":[{\"@type\":\"WebPage\",\"@id\":\"https:\\\/\\\/empab.fr\\\/index.php\\\/produit\\\/massage-du-bas-du-corps-en-30-minutes\\\/\",\"url\":\"https:\\\/\\\/empab.fr\\\/index.php\\\/produit\\\/massage-du-bas-du-corps-en-30-minutes\\\/\",\"name\":\"Massage Bas du Corps d\u00e9tente et circulation optimales 30 minutes\",\"isPartOf\":{\"@id\":\"https:\\\/\\\/empab.fr\\\/#website\"},\"primaryImageOfPage\":{\"@id\":\"https:\\\/\\\/empab.fr\\\/index.php\\\/produit\\\/massage-du-bas-du-corps-en-30-minutes\\\/#primaryimage\"},\"image\":{\"@id\":\"https:\\\/\\\/empab.fr\\\/index.php\\\/produit\\\/massage-du-bas-du-corps-en-30-minutes\\\/#primaryimage\"},\"thumbnailUrl\":\"https:\\\/\\\/empab.fr\\\/wp-content\\\/uploads\\\/2026\\\/03\\\/PASTILLE-MASSAGE-BAS-DU-CORPS.png\",\"datePublished\":\"2026-03-24T14:29:01+00:00\",\"dateModified\":\"2026-03-24T14:36:57+00:00\",\"description\":\"Massage Bas du Corps EMPAB. Soulage les tensions, am\u00e9liore la circulation et retrouve l\u00e9g\u00e8ret\u00e9 et bien-\u00eatre pour les jambes, fesses et pieds\",\"breadcrumb\":{\"@id\":\"https:\\\/\\\/empab.fr\\\/index.php\\\/produit\\\/massage-du-bas-du-corps-en-30-minutes\\\/#breadcrumb\"},\"inLanguage\":\"fr-FR\",\"potentialAction\":[{\"@type\":\"ReadAction\",\"target\":[\"https:\\\/\\\/empab.fr\\\/index.php\\\/produit\\\/massage-du-bas-du-corps-en-30-minutes\\\/\"]}]},{\"@type\":\"ImageObject\",\"inLanguage\":\"fr-FR\",\"@id\":\"https:\\\/\\\/empab.fr\\\/index.php\\\/produit\\\/massage-du-bas-du-corps-en-30-minutes\\\/#primaryimage\",\"url\":\"https:\\\/\\\/empab.fr\\\/wp-content\\\/uploads\\\/2026\\\/03\\\/PASTILLE-MASSAGE-BAS-DU-CORPS.png\",\"contentUrl\":\"https:\\\/\\\/empab.fr\\\/wp-content\\\/uploads\\\/2026\\\/03\\\/PASTILLE-MASSAGE-BAS-DU-CORPS.png\",\"width\":1142,\"height\":977,\"caption\":\"Un praticien EMPAB r\u00e9alise un massage du bas du corps, ciblant fessiers, cuisses, jambes et pieds pour une relaxation optimale et une am\u00e9lioration de la circulation.\"},{\"@type\":\"BreadcrumbList\",\"@id\":\"https:\\\/\\\/empab.fr\\\/index.php\\\/produit\\\/massage-du-bas-du-corps-en-30-minutes\\\/#breadcrumb\",\"itemListElement\":[{\"@type\":\"ListItem\",\"position\":1,\"name\":\"Accueil\",\"item\":\"https:\\\/\\\/empab.fr\\\/\"},{\"@type\":\"ListItem\",\"position\":2,\"name\":\"Boutique\",\"item\":\"https:\\\/\\\/empab.fr\\\/index.php\\\/massages-bien-etre-cosne-cours-sur-loire-prestations\\\/\"},{\"@type\":\"ListItem\",\"position\":3,\"name\":\"Massage du Bas du corps en 30 minutes\"}]},{\"@type\":\"WebSite\",\"@id\":\"https:\\\/\\\/empab.fr\\\/#website\",\"url\":\"https:\\\/\\\/empab.fr\\\/\",\"name\":\"EMPAB -\u00caTRE MIEUX POUR ALLER BIEN\",\"description\":\"Du bien-\u00eatre au mieux-\u00eatre\",\"publisher\":{\"@id\":\"https:\\\/\\\/empab.fr\\\/#organization\"},\"potentialAction\":[{\"@type\":\"SearchAction\",\"target\":{\"@type\":\"EntryPoint\",\"urlTemplate\":\"https:\\\/\\\/empab.fr\\\/?s={search_term_string}\"},\"query-input\":{\"@type\":\"PropertyValueSpecification\",\"valueRequired\":true,\"valueName\":\"search_term_string\"}}],\"inLanguage\":\"fr-FR\"},{\"@type\":\"Organization\",\"@id\":\"https:\\\/\\\/empab.fr\\\/#organization\",\"name\":\"EMPAB -\u00caTRE MIEUX POUR ALLER BIEN\",\"url\":\"https:\\\/\\\/empab.fr\\\/\",\"logo\":{\"@type\":\"ImageObject\",\"inLanguage\":\"fr-FR\",\"@id\":\"https:\\\/\\\/empab.fr\\\/#\\\/schema\\\/logo\\\/image\\\/\",\"url\":\"https:\\\/\\\/empab.fr\\\/wp-content\\\/uploads\\\/2025\\\/02\\\/cropped-logo-EMPAB-AVEC-SILHOUETES.png\",\"contentUrl\":\"https:\\\/\\\/empab.fr\\\/wp-content\\\/uploads\\\/2025\\\/02\\\/cropped-logo-EMPAB-AVEC-SILHOUETES.png\",\"width\":382,\"height\":392,\"caption\":\"EMPAB -\u00caTRE MIEUX POUR ALLER BIEN\"},\"image\":{\"@id\":\"https:\\\/\\\/empab.fr\\\/#\\\/schema\\\/logo\\\/image\\\/\"},\"sameAs\":[\"https:\\\/\\\/www.facebook.com\\\/profile.php?id=100091632164342\",\"https:\\\/\\\/x.com\\\/empab_369\",\"https:\\\/\\\/www.instagram.com\\\/etre.mieux.pour.aller.bien\\\/\"]}]}<\/script>\n<!-- \/ Yoast SEO plugin. -->","yoast_head_json":{"title":"Massage Bas du Corps d\u00e9tente et circulation optimales 30 minutes","description":"Massage Bas du Corps EMPAB. Soulage les tensions, am\u00e9liore la circulation et retrouve l\u00e9g\u00e8ret\u00e9 et bien-\u00eatre pour les jambes, fesses et pieds","robots":{"index":"index","follow":"follow","max-snippet":"max-snippet:-1","max-image-preview":"max-image-preview:large","max-video-preview":"max-video-preview:-1"},"canonical":"https:\/\/empab.fr\/index.php\/produit\/massage-du-bas-du-corps-en-30-minutes\/","og_locale":"fr_FR","og_type":"article","og_title":"Massage Bas du Corps d\u00e9tente et circulation optimales 30 minutes","og_description":"Massage Bas du Corps EMPAB. Soulage les tensions, am\u00e9liore la circulation et retrouve l\u00e9g\u00e8ret\u00e9 et bien-\u00eatre pour les jambes, fesses et pieds","og_url":"https:\/\/empab.fr\/index.php\/produit\/massage-du-bas-du-corps-en-30-minutes\/","og_site_name":"EMPAB -\u00caTRE MIEUX POUR ALLER BIEN","article_publisher":"https:\/\/www.facebook.com\/profile.php?id=100091632164342","article_modified_time":"2026-03-24T14:36:57+00:00","og_image":[{"width":1142,"height":977,"url":"https:\/\/empab.fr\/wp-content\/uploads\/2026\/03\/PASTILLE-MASSAGE-BAS-DU-CORPS.png","type":"image\/png"}],"twitter_card":"summary_large_image","twitter_site":"@empab_369","twitter_misc":{"Dur\u00e9e de lecture estim\u00e9e":"1 minute"},"schema":{"@context":"https:\/\/schema.org","@graph":[{"@type":"WebPage","@id":"https:\/\/empab.fr\/index.php\/produit\/massage-du-bas-du-corps-en-30-minutes\/","url":"https:\/\/empab.fr\/index.php\/produit\/massage-du-bas-du-corps-en-30-minutes\/","name":"Massage Bas du Corps d\u00e9tente et circulation optimales 30 minutes","isPartOf":{"@id":"https:\/\/empab.fr\/#website"},"primaryImageOfPage":{"@id":"https:\/\/empab.fr\/index.php\/produit\/massage-du-bas-du-corps-en-30-minutes\/#primaryimage"},"image":{"@id":"https:\/\/empab.fr\/index.php\/produit\/massage-du-bas-du-corps-en-30-minutes\/#primaryimage"},"thumbnailUrl":"https:\/\/empab.fr\/wp-content\/uploads\/2026\/03\/PASTILLE-MASSAGE-BAS-DU-CORPS.png","datePublished":"2026-03-24T14:29:01+00:00","dateModified":"2026-03-24T14:36:57+00:00","description":"Massage Bas du Corps EMPAB. Soulage les tensions, am\u00e9liore la circulation et retrouve l\u00e9g\u00e8ret\u00e9 et bien-\u00eatre pour les jambes, fesses et pieds","breadcrumb":{"@id":"https:\/\/empab.fr\/index.php\/produit\/massage-du-bas-du-corps-en-30-minutes\/#breadcrumb"},"inLanguage":"fr-FR","potentialAction":[{"@type":"ReadAction","target":["https:\/\/empab.fr\/index.php\/produit\/massage-du-bas-du-corps-en-30-minutes\/"]}]},{"@type":"ImageObject","inLanguage":"fr-FR","@id":"https:\/\/empab.fr\/index.php\/produit\/massage-du-bas-du-corps-en-30-minutes\/#primaryimage","url":"https:\/\/empab.fr\/wp-content\/uploads\/2026\/03\/PASTILLE-MASSAGE-BAS-DU-CORPS.png","contentUrl":"https:\/\/empab.fr\/wp-content\/uploads\/2026\/03\/PASTILLE-MASSAGE-BAS-DU-CORPS.png","width":1142,"height":977,"caption":"Un praticien EMPAB r\u00e9alise un massage du bas du corps, ciblant fessiers, cuisses, jambes et pieds pour une relaxation optimale et une am\u00e9lioration de la circulation."},{"@type":"BreadcrumbList","@id":"https:\/\/empab.fr\/index.php\/produit\/massage-du-bas-du-corps-en-30-minutes\/#breadcrumb","itemListElement":[{"@type":"ListItem","position":1,"name":"Accueil","item":"https:\/\/empab.fr\/"},{"@type":"ListItem","position":2,"name":"Boutique","item":"https:\/\/empab.fr\/index.php\/massages-bien-etre-cosne-cours-sur-loire-prestations\/"},{"@type":"ListItem","position":3,"name":"Massage du Bas du corps en 30 minutes"}]},{"@type":"WebSite","@id":"https:\/\/empab.fr\/#website","url":"https:\/\/empab.fr\/","name":"EMPAB -\u00caTRE MIEUX POUR ALLER BIEN","description":"Du bien-\u00eatre au mieux-\u00eatre","publisher":{"@id":"https:\/\/empab.fr\/#organization"},"potentialAction":[{"@type":"SearchAction","target":{"@type":"EntryPoint","urlTemplate":"https:\/\/empab.fr\/?s={search_term_string}"},"query-input":{"@type":"PropertyValueSpecification","valueRequired":true,"valueName":"search_term_string"}}],"inLanguage":"fr-FR"},{"@type":"Organization","@id":"https:\/\/empab.fr\/#organization","name":"EMPAB -\u00caTRE MIEUX POUR ALLER BIEN","url":"https:\/\/empab.fr\/","logo":{"@type":"ImageObject","inLanguage":"fr-FR","@id":"https:\/\/empab.fr\/#\/schema\/logo\/image\/","url":"https:\/\/empab.fr\/wp-content\/uploads\/2025\/02\/cropped-logo-EMPAB-AVEC-SILHOUETES.png","contentUrl":"https:\/\/empab.fr\/wp-content\/uploads\/2025\/02\/cropped-logo-EMPAB-AVEC-SILHOUETES.png","width":382,"height":392,"caption":"EMPAB -\u00caTRE MIEUX POUR ALLER BIEN"},"image":{"@id":"https:\/\/empab.fr\/#\/schema\/logo\/image\/"},"sameAs":["https:\/\/www.facebook.com\/profile.php?id=100091632164342","https:\/\/x.com\/empab_369","https:\/\/www.instagram.com\/etre.mieux.pour.aller.bien\/"]}]}},"jetpack_sharing_enabled":true,"_links":{"self":[{"href":"https:\/\/empab.fr\/index.php\/wp-json\/wp\/v2\/product\/2020","targetHints":{"allow":["GET"]}}],"collection":[{"href":"https:\/\/empab.fr\/index.php\/wp-json\/wp\/v2\/product"}],"about":[{"href":"https:\/\/empab.fr\/index.php\/wp-json\/wp\/v2\/types\/product"}],"replies":[{"embeddable":true,"href":"https:\/\/empab.fr\/index.php\/wp-json\/wp\/v2\/comments?post=2020"}],"wp:featuredmedia":[{"embeddable":true,"href":"https:\/\/empab.fr\/index.php\/wp-json\/wp\/v2\/media\/2021"}],"wp:attachment":[{"href":"https:\/\/empab.fr\/index.php\/wp-json\/wp\/v2\/media?parent=2020"}],"wp:term":[{"taxonomy":"product_brand","embeddable":true,"href":"https:\/\/empab.fr\/index.php\/wp-json\/wp\/v2\/product_brand?post=2020"},{"taxonomy":"product_cat","embeddable":true,"href":"https:\/\/empab.fr\/index.php\/wp-json\/wp\/v2\/product_cat?post=2020"},{"taxonomy":"product_tag","embeddable":true,"href":"https:\/\/empab.fr\/index.php\/wp-json\/wp\/v2\/product_tag?post=2020"}],"curies":[{"name":"wp","href":"https:\/\/api.w.org\/{rel}","templated":true}]}}