{"id":1891,"date":"2026-03-06T10:58:40","date_gmt":"2026-03-06T09:58:40","guid":{"rendered":"https:\/\/empab.fr\/index.php\/panier\/"},"modified":"2026-03-10T19:18:09","modified_gmt":"2026-03-10T18:18:09","slug":"panier","status":"publish","type":"page","link":"https:\/\/empab.fr\/index.php\/panier\/","title":{"rendered":"Panier"},"content":{"rendered":"<div id=\"ez-toc-container\" class=\"ez-toc-v2_0_82_2 ez-toc-wrap-left counter-hierarchy ez-toc-counter ez-toc-custom ez-toc-container-direction\">\n<div class=\"ez-toc-title-container\">\n<p class=\"ez-toc-title\" style=\"cursor:inherit\">Contenus de la page<\/p>\n<span class=\"ez-toc-title-toggle\"><a href=\"#\" class=\"ez-toc-pull-right ez-toc-btn ez-toc-btn-xs ez-toc-btn-default ez-toc-toggle\" aria-label=\"Toggle Table of Content\"><span class=\"ez-toc-js-icon-con\"><span class=\"\"><span class=\"eztoc-hide\" style=\"display:none;\">Toggle<\/span><span class=\"ez-toc-icon-toggle-span\"><svg style=\"fill: #eeee22;color:#eeee22\" xmlns=\"http:\/\/www.w3.org\/2000\/svg\" class=\"list-377408\" width=\"20px\" height=\"20px\" viewBox=\"0 0 24 24\" fill=\"none\"><path d=\"M6 6H4v2h2V6zm14 0H8v2h12V6zM4 11h2v2H4v-2zm16 0H8v2h12v-2zM4 16h2v2H4v-2zm16 0H8v2h12v-2z\" fill=\"currentColor\"><\/path><\/svg><svg style=\"fill: #eeee22;color:#eeee22\" class=\"arrow-unsorted-368013\" xmlns=\"http:\/\/www.w3.org\/2000\/svg\" width=\"10px\" height=\"10px\" viewBox=\"0 0 24 24\" version=\"1.2\" baseProfile=\"tiny\"><path d=\"M18.2 9.3l-6.2-6.3-6.2 6.3c-.2.2-.3.4-.3.7s.1.5.3.7c.2.2.4.3.7.3h11c.3 0 .5-.1.7-.3.2-.2.3-.5.3-.7s-.1-.5-.3-.7zM5.8 14.7l6.2 6.3 6.2-6.3c.2-.2.3-.5.3-.7s-.1-.5-.3-.7c-.2-.2-.4-.3-.7-.3h-11c-.3 0-.5.1-.7.3-.2.2-.3.5-.3.7s.1.5.3.7z\"\/><\/svg><\/span><\/span><\/span><\/a><\/span><\/div>\n<nav><ul class='ez-toc-list ez-toc-list-level-1 ' ><li class='ez-toc-page-1 ez-toc-heading-level-2'><a class=\"ez-toc-link ez-toc-heading-1\" href=\"https:\/\/empab.fr\/index.php\/panier\/#Votre_panier_est_actuellement_vide\" >Votre panier est actuellement vide\u00a0!<\/a><\/li><li class='ez-toc-page-1 ez-toc-heading-level-2'><a class=\"ez-toc-link ez-toc-heading-2\" href=\"https:\/\/empab.fr\/index.php\/panier\/#Nouveau_dans_la_boutique\" >Nouveau dans la boutique<\/a><\/li><\/ul><\/nav><\/div>\n\n<div data-block-name=\"woocommerce\/cart\" class=\"wp-block-woocommerce-cart alignwide is-loading\">\n<div data-block-name=\"woocommerce\/filled-cart-block\" class=\"wp-block-woocommerce-filled-cart-block\">\n<div data-block-name=\"woocommerce\/cart-items-block\" class=\"wp-block-woocommerce-cart-items-block\">\n<div data-block-name=\"woocommerce\/cart-line-items-block\" class=\"wp-block-woocommerce-cart-line-items-block\"><\/div>\n\n\n<\/div>\n\n\n\n\n<div data-block-name=\"woocommerce\/cart-totals-block\" class=\"wp-block-woocommerce-cart-totals-block\">\n<div data-block-name=\"woocommerce\/cart-order-summary-block\" class=\"wp-block-woocommerce-cart-order-summary-block\">\n<div data-block-name=\"woocommerce\/cart-order-summary-heading-block\" class=\"wp-block-woocommerce-cart-order-summary-heading-block\"><\/div><div data-block-name=\"woocommerce\/cart-order-summary-coupon-form-block\" class=\"wp-block-woocommerce-cart-order-summary-coupon-form-block\"><\/div><div data-block-name=\"woocommerce\/cart-order-summary-totals-block\" class=\"wp-block-woocommerce-cart-order-summary-totals-block\">\n<div data-block-name=\"woocommerce\/cart-order-summary-subtotal-block\" class=\"wp-block-woocommerce-cart-order-summary-subtotal-block\"><\/div>\n<div data-block-name=\"woocommerce\/cart-order-summary-discount-block\" class=\"wp-block-woocommerce-cart-order-summary-discount-block\"><\/div>\n<div data-block-name=\"woocommerce\/cart-order-summary-fee-block\" class=\"wp-block-woocommerce-cart-order-summary-fee-block\"><\/div>\n<div data-block-name=\"woocommerce\/cart-order-summary-shipping-block\" class=\"wp-block-woocommerce-cart-order-summary-shipping-block\"><\/div>\n<div data-block-name=\"woocommerce\/cart-order-summary-taxes-block\" class=\"wp-block-woocommerce-cart-order-summary-taxes-block\"><\/div><\/div>\n<\/div>\n\n\n\n<div data-block-name=\"woocommerce\/cart-express-payment-block\" class=\"wp-block-woocommerce-cart-express-payment-block\"><\/div>\n\n\n\n<div data-block-name=\"woocommerce\/proceed-to-checkout-block\" class=\"wp-block-woocommerce-proceed-to-checkout-block\"><\/div>\n\n\n\n<div data-block-name=\"woocommerce\/cart-accepted-payment-methods-block\" class=\"wp-block-woocommerce-cart-accepted-payment-methods-block\"><\/div>\n<\/div>\n<\/div>\n\n\n\n<div data-block-name=\"woocommerce\/empty-cart-block\" class=\"wp-block-woocommerce-empty-cart-block\">\n<h2 class=\"wp-block-heading has-text-align-center with-empty-cart-icon wc-block-cart__empty-cart__title\"><span class=\"ez-toc-section\" id=\"Votre_panier_est_actuellement_vide\"><\/span>Votre panier est actuellement vide\u00a0!<span class=\"ez-toc-section-end\"><\/span><\/h2>\n\n\n\n<hr class=\"wp-block-separator has-alpha-channel-opacity is-style-dots\"\/>\n\n\n\n<h2 class=\"wp-block-heading has-text-align-center\"><span class=\"ez-toc-section\" id=\"Nouveau_dans_la_boutique\"><\/span>Nouveau dans la boutique<span class=\"ez-toc-section-end\"><\/span><\/h2>\n\n\n<div data-block-name=\"woocommerce\/product-new\" data-columns=\"4\" data-rows=\"1\" class=\"wc-block-grid wp-block-product-new wp-block-woocommerce-product-new wc-block-product-new has-4-columns\"><ul class=\"wc-block-grid__products\"><li class=\"wc-block-grid__product\">\n\t\t\t\t<a href=\"https:\/\/empab.fr\/index.php\/produit\/forfait-3-massages-reduction-15-detente-regularite-empab\/\" class=\"wc-block-grid__product-link\">\n\t\t\t\t\t\n\t\t\t\t\t<div class=\"wc-block-grid__product-image\"><img fetchpriority=\"high\" decoding=\"async\" width=\"300\" height=\"300\" src=\"https:\/\/empab.fr\/wp-content\/uploads\/2024\/12\/Pastille-forfait-3-massage-15-2-300x300.png\" class=\"attachment-woocommerce_thumbnail size-woocommerce_thumbnail\" alt=\"Image d&#039;un espace spa luxueux en vert et dor\u00e9, avec des bougies allum\u00e9es, des plantes \u00e9l\u00e9gantes, et le texte &quot;3 massages \u00e0 -15%&quot; mis en valeur dans une police lumineuse.\" srcset=\"https:\/\/empab.fr\/wp-content\/uploads\/2024\/12\/Pastille-forfait-3-massage-15-2-300x300.png 300w, https:\/\/empab.fr\/wp-content\/uploads\/2024\/12\/Pastille-forfait-3-massage-15-2-100x100.png 100w, https:\/\/empab.fr\/wp-content\/uploads\/2024\/12\/Pastille-forfait-3-massage-15-2-600x600.png 600w, https:\/\/empab.fr\/wp-content\/uploads\/2024\/12\/Pastille-forfait-3-massage-15-2-150x150.png 150w, https:\/\/empab.fr\/wp-content\/uploads\/2024\/12\/Pastille-forfait-3-massage-15-2-768x769.png 768w, https:\/\/empab.fr\/wp-content\/uploads\/2024\/12\/Pastille-forfait-3-massage-15-2.png 906w\" sizes=\"(max-width: 300px) 100vw, 300px\" \/><\/div>\n\t\t\t\t\t<div class=\"wc-block-grid__product-title\">Forfait 3 massages<\/div>\n\t\t\t\t<\/a>\n\t\t\t\t<div class=\"wc-block-grid__product-price price\"><\/div>\n\t\t\t\t\n\t\t\t\t<div class=\"wp-block-button wc-block-grid__product-add-to-cart\"><a href=\"https:\/\/empab.fr\/index.php\/produit\/forfait-3-massages-reduction-15-detente-regularite-empab\/\" aria-label=\"S\u00e9lectionner les options pour &ldquo;Forfait 3 massages&rdquo;\" data-quantity=\"1\" data-product_id=\"2046\" data-product_sku=\"30, 45, 60, 90\" data-price=\"0\" rel=\"nofollow\" class=\"wp-block-button__link  add_to_cart_button\">Lire la suite<\/a><\/div>\n\t\t\t<\/li><li class=\"wc-block-grid__product\">\n\t\t\t\t<a href=\"https:\/\/empab.fr\/index.php\/produit\/massage-corps-de-60-minutes\/\" class=\"wc-block-grid__product-link\">\n\t\t\t\t\t\n\t\t\t\t\t<div class=\"wc-block-grid__product-image\"><img decoding=\"async\" width=\"300\" height=\"300\" src=\"https:\/\/empab.fr\/wp-content\/uploads\/2026\/03\/PASTILLE-MASSAGE-CORPS-60-MINUTES-300x300.png\" class=\"attachment-woocommerce_thumbnail size-woocommerce_thumbnail\" alt=\"Massage complet du corps de 60 minutes chez EMPAB, pour une d\u00e9tente profonde et une relaxation globale.\" srcset=\"https:\/\/empab.fr\/wp-content\/uploads\/2026\/03\/PASTILLE-MASSAGE-CORPS-60-MINUTES-300x300.png 300w, https:\/\/empab.fr\/wp-content\/uploads\/2026\/03\/PASTILLE-MASSAGE-CORPS-60-MINUTES-150x150.png 150w, https:\/\/empab.fr\/wp-content\/uploads\/2026\/03\/PASTILLE-MASSAGE-CORPS-60-MINUTES-600x600.png 600w, https:\/\/empab.fr\/wp-content\/uploads\/2026\/03\/PASTILLE-MASSAGE-CORPS-60-MINUTES-100x100.png 100w\" sizes=\"(max-width: 300px) 100vw, 300px\" \/><\/div>\n\t\t\t\t\t<div class=\"wc-block-grid__product-title\">Massage corps de 60 minutes<\/div>\n\t\t\t\t<\/a>\n\t\t\t\t<div class=\"wc-block-grid__product-price price\"><span class=\"woocommerce-Price-amount amount\">60,00&nbsp;<span class=\"woocommerce-Price-currencySymbol\">&euro;<\/span><\/span><\/div>\n\t\t\t\t\n\t\t\t\t<div class=\"wp-block-button wc-block-grid__product-add-to-cart\"><a href=\"\/index.php\/wp-json\/wp\/v2\/pages\/1891?add-to-cart=2024\" aria-label=\"Ajouter au panier\u00a0: &ldquo;Massage corps de 60 minutes&rdquo;\" data-quantity=\"1\" data-product_id=\"2024\" data-product_sku=\"\" data-price=\"60\" rel=\"nofollow\" class=\"wp-block-button__link  add_to_cart_button ajax_add_to_cart\">Ajouter au panier<\/a><\/div>\n\t\t\t<\/li><li class=\"wc-block-grid__product\">\n\t\t\t\t<a href=\"https:\/\/empab.fr\/index.php\/produit\/massage-corps-90-minutes-avec-realignement-energetique\/\" class=\"wc-block-grid__product-link\">\n\t\t\t\t\t\n\t\t\t\t\t<div class=\"wc-block-grid__product-image\"><img decoding=\"async\" width=\"300\" height=\"300\" src=\"https:\/\/empab.fr\/wp-content\/uploads\/2026\/03\/PASTILLE-MASSAGE-CORPS-90-MINUTES-300x300.png\" class=\"attachment-woocommerce_thumbnail size-woocommerce_thumbnail\" alt=\"Massage complet du corps de 90 minutes avec r\u00e9alignement \u00e9nerg\u00e9tique chez EMPAB, pour une d\u00e9tente profonde et un \u00e9quilibre global\" srcset=\"https:\/\/empab.fr\/wp-content\/uploads\/2026\/03\/PASTILLE-MASSAGE-CORPS-90-MINUTES-300x300.png 300w, https:\/\/empab.fr\/wp-content\/uploads\/2026\/03\/PASTILLE-MASSAGE-CORPS-90-MINUTES-150x150.png 150w, https:\/\/empab.fr\/wp-content\/uploads\/2026\/03\/PASTILLE-MASSAGE-CORPS-90-MINUTES-600x600.png 600w, https:\/\/empab.fr\/wp-content\/uploads\/2026\/03\/PASTILLE-MASSAGE-CORPS-90-MINUTES-100x100.png 100w\" sizes=\"(max-width: 300px) 100vw, 300px\" \/><\/div>\n\t\t\t\t\t<div class=\"wc-block-grid__product-title\">Massage Corps 90 minutes avec r\u00e9alignement \u00e9nerg\u00e9tique<\/div>\n\t\t\t\t<\/a>\n\t\t\t\t<div class=\"wc-block-grid__product-price price\"><span class=\"woocommerce-Price-amount amount\">90,00&nbsp;<span class=\"woocommerce-Price-currencySymbol\">&euro;<\/span><\/span><\/div>\n\t\t\t\t\n\t\t\t\t<div class=\"wp-block-button wc-block-grid__product-add-to-cart\"><a href=\"\/index.php\/wp-json\/wp\/v2\/pages\/1891?add-to-cart=2022\" aria-label=\"Ajouter au panier\u00a0: &ldquo;Massage Corps 90 minutes avec r\u00e9alignement \u00e9nerg\u00e9tique&rdquo;\" data-quantity=\"1\" data-product_id=\"2022\" data-product_sku=\"\" data-price=\"90\" rel=\"nofollow\" class=\"wp-block-button__link  add_to_cart_button ajax_add_to_cart\">Ajouter au panier<\/a><\/div>\n\t\t\t<\/li><li class=\"wc-block-grid__product\">\n\t\t\t\t<a href=\"https:\/\/empab.fr\/index.php\/produit\/massage-du-bas-du-corps-en-30-minutes\/\" class=\"wc-block-grid__product-link\">\n\t\t\t\t\t\n\t\t\t\t\t<div class=\"wc-block-grid__product-image\"><img loading=\"lazy\" decoding=\"async\" width=\"300\" height=\"300\" src=\"https:\/\/empab.fr\/wp-content\/uploads\/2026\/03\/PASTILLE-MASSAGE-BAS-DU-CORPS-300x300.png\" class=\"attachment-woocommerce_thumbnail size-woocommerce_thumbnail\" alt=\"Massage professionnel du bas du corps chez EMPAB : fessiers, cuisses, jambes et pieds, pour une d\u00e9tente cibl\u00e9e et un bien-\u00eatre imm\u00e9diat.\" srcset=\"https:\/\/empab.fr\/wp-content\/uploads\/2026\/03\/PASTILLE-MASSAGE-BAS-DU-CORPS-300x300.png 300w, https:\/\/empab.fr\/wp-content\/uploads\/2026\/03\/PASTILLE-MASSAGE-BAS-DU-CORPS-150x150.png 150w, https:\/\/empab.fr\/wp-content\/uploads\/2026\/03\/PASTILLE-MASSAGE-BAS-DU-CORPS-600x600.png 600w, https:\/\/empab.fr\/wp-content\/uploads\/2026\/03\/PASTILLE-MASSAGE-BAS-DU-CORPS-100x100.png 100w\" sizes=\"(max-width: 300px) 100vw, 300px\" \/><\/div>\n\t\t\t\t\t<div class=\"wc-block-grid__product-title\">Massage du Bas du corps en 30 minutes<\/div>\n\t\t\t\t<\/a>\n\t\t\t\t<div class=\"wc-block-grid__product-price price\"><span class=\"woocommerce-Price-amount amount\">30,00&nbsp;<span class=\"woocommerce-Price-currencySymbol\">&euro;<\/span><\/span><\/div>\n\t\t\t\t\n\t\t\t\t<div class=\"wp-block-button wc-block-grid__product-add-to-cart\"><a href=\"\/index.php\/wp-json\/wp\/v2\/pages\/1891?add-to-cart=2020\" aria-label=\"Ajouter au panier\u00a0: &ldquo;Massage du Bas du corps en 30 minutes&rdquo;\" data-quantity=\"1\" data-product_id=\"2020\" data-product_sku=\"\" data-price=\"30\" rel=\"nofollow\" class=\"wp-block-button__link  add_to_cart_button ajax_add_to_cart\">Ajouter au panier<\/a><\/div>\n\t\t\t<\/li><\/ul><\/div><\/div>\n<\/div>\n","protected":false},"excerpt":{"rendered":"","protected":false},"author":1,"featured_media":0,"parent":0,"menu_order":0,"comment_status":"closed","ping_status":"closed","template":"","meta":{"footnotes":""},"class_list":["post-1891","page","type-page","status-publish","hentry","entry","owp-thumbs-layout-horizontal","owp-btn-normal","owp-tabs-layout-horizontal","has-no-thumbnails","has-product-nav"],"yoast_head":"<!-- This site is optimized with the Yoast SEO plugin v27.4 - https:\/\/yoast.com\/product\/yoast-seo-wordpress\/ -->\n<title>Panier - EMPAB -\u00caTRE MIEUX POUR ALLER BIEN<\/title>\n<meta name=\"robots\" content=\"index, follow, max-snippet:-1, max-image-preview:large, max-video-preview:-1\" \/>\n<link rel=\"canonical\" href=\"https:\/\/empab.fr\/index.php\/panier\/\" \/>\n<meta property=\"og:locale\" content=\"fr_FR\" \/>\n<meta property=\"og:type\" content=\"article\" \/>\n<meta property=\"og:title\" content=\"Panier - EMPAB -\u00caTRE MIEUX POUR ALLER BIEN\" \/>\n<meta property=\"og:url\" content=\"https:\/\/empab.fr\/index.php\/panier\/\" \/>\n<meta property=\"og:site_name\" content=\"EMPAB -\u00caTRE MIEUX POUR ALLER BIEN\" \/>\n<meta property=\"article:publisher\" content=\"https:\/\/www.facebook.com\/profile.php?id=100091632164342\" \/>\n<meta property=\"article:modified_time\" content=\"2026-03-10T18:18:09+00:00\" \/>\n<meta name=\"twitter:card\" content=\"summary_large_image\" \/>\n<meta name=\"twitter:site\" content=\"@empab_369\" \/>\n<script type=\"application\/ld+json\" class=\"yoast-schema-graph\">{\"@context\":\"https:\\\/\\\/schema.org\",\"@graph\":[{\"@type\":\"WebPage\",\"@id\":\"https:\\\/\\\/empab.fr\\\/index.php\\\/panier\\\/\",\"url\":\"https:\\\/\\\/empab.fr\\\/index.php\\\/panier\\\/\",\"name\":\"Panier - EMPAB -\u00caTRE MIEUX POUR ALLER BIEN\",\"isPartOf\":{\"@id\":\"https:\\\/\\\/empab.fr\\\/#website\"},\"datePublished\":\"2026-03-06T09:58:40+00:00\",\"dateModified\":\"2026-03-10T18:18:09+00:00\",\"breadcrumb\":{\"@id\":\"https:\\\/\\\/empab.fr\\\/index.php\\\/panier\\\/#breadcrumb\"},\"inLanguage\":\"fr-FR\",\"potentialAction\":[{\"@type\":\"ReadAction\",\"target\":[\"https:\\\/\\\/empab.fr\\\/index.php\\\/panier\\\/\"]}]},{\"@type\":\"BreadcrumbList\",\"@id\":\"https:\\\/\\\/empab.fr\\\/index.php\\\/panier\\\/#breadcrumb\",\"itemListElement\":[{\"@type\":\"ListItem\",\"position\":1,\"name\":\"Accueil\",\"item\":\"https:\\\/\\\/empab.fr\\\/\"},{\"@type\":\"ListItem\",\"position\":2,\"name\":\"Panier\"}]},{\"@type\":\"WebSite\",\"@id\":\"https:\\\/\\\/empab.fr\\\/#website\",\"url\":\"https:\\\/\\\/empab.fr\\\/\",\"name\":\"EMPAB -\u00caTRE MIEUX POUR ALLER BIEN\",\"description\":\"Du bien-\u00eatre au mieux-\u00eatre\",\"publisher\":{\"@id\":\"https:\\\/\\\/empab.fr\\\/#organization\"},\"potentialAction\":[{\"@type\":\"SearchAction\",\"target\":{\"@type\":\"EntryPoint\",\"urlTemplate\":\"https:\\\/\\\/empab.fr\\\/?s={search_term_string}\"},\"query-input\":{\"@type\":\"PropertyValueSpecification\",\"valueRequired\":true,\"valueName\":\"search_term_string\"}}],\"inLanguage\":\"fr-FR\"},{\"@type\":\"Organization\",\"@id\":\"https:\\\/\\\/empab.fr\\\/#organization\",\"name\":\"EMPAB -\u00caTRE MIEUX POUR ALLER BIEN\",\"url\":\"https:\\\/\\\/empab.fr\\\/\",\"logo\":{\"@type\":\"ImageObject\",\"inLanguage\":\"fr-FR\",\"@id\":\"https:\\\/\\\/empab.fr\\\/#\\\/schema\\\/logo\\\/image\\\/\",\"url\":\"https:\\\/\\\/empab.fr\\\/wp-content\\\/uploads\\\/2025\\\/02\\\/cropped-logo-EMPAB-AVEC-SILHOUETES.png\",\"contentUrl\":\"https:\\\/\\\/empab.fr\\\/wp-content\\\/uploads\\\/2025\\\/02\\\/cropped-logo-EMPAB-AVEC-SILHOUETES.png\",\"width\":382,\"height\":392,\"caption\":\"EMPAB -\u00caTRE MIEUX POUR ALLER BIEN\"},\"image\":{\"@id\":\"https:\\\/\\\/empab.fr\\\/#\\\/schema\\\/logo\\\/image\\\/\"},\"sameAs\":[\"https:\\\/\\\/www.facebook.com\\\/profile.php?id=100091632164342\",\"https:\\\/\\\/x.com\\\/empab_369\",\"https:\\\/\\\/www.instagram.com\\\/etre.mieux.pour.aller.bien\\\/\"]}]}<\/script>\n<!-- \/ Yoast SEO plugin. -->","yoast_head_json":{"title":"Panier - EMPAB -\u00caTRE MIEUX POUR ALLER BIEN","robots":{"index":"index","follow":"follow","max-snippet":"max-snippet:-1","max-image-preview":"max-image-preview:large","max-video-preview":"max-video-preview:-1"},"canonical":"https:\/\/empab.fr\/index.php\/panier\/","og_locale":"fr_FR","og_type":"article","og_title":"Panier - EMPAB -\u00caTRE MIEUX POUR ALLER BIEN","og_url":"https:\/\/empab.fr\/index.php\/panier\/","og_site_name":"EMPAB -\u00caTRE MIEUX POUR ALLER BIEN","article_publisher":"https:\/\/www.facebook.com\/profile.php?id=100091632164342","article_modified_time":"2026-03-10T18:18:09+00:00","twitter_card":"summary_large_image","twitter_site":"@empab_369","schema":{"@context":"https:\/\/schema.org","@graph":[{"@type":"WebPage","@id":"https:\/\/empab.fr\/index.php\/panier\/","url":"https:\/\/empab.fr\/index.php\/panier\/","name":"Panier - EMPAB -\u00caTRE MIEUX POUR ALLER BIEN","isPartOf":{"@id":"https:\/\/empab.fr\/#website"},"datePublished":"2026-03-06T09:58:40+00:00","dateModified":"2026-03-10T18:18:09+00:00","breadcrumb":{"@id":"https:\/\/empab.fr\/index.php\/panier\/#breadcrumb"},"inLanguage":"fr-FR","potentialAction":[{"@type":"ReadAction","target":["https:\/\/empab.fr\/index.php\/panier\/"]}]},{"@type":"BreadcrumbList","@id":"https:\/\/empab.fr\/index.php\/panier\/#breadcrumb","itemListElement":[{"@type":"ListItem","position":1,"name":"Accueil","item":"https:\/\/empab.fr\/"},{"@type":"ListItem","position":2,"name":"Panier"}]},{"@type":"WebSite","@id":"https:\/\/empab.fr\/#website","url":"https:\/\/empab.fr\/","name":"EMPAB -\u00caTRE MIEUX POUR ALLER BIEN","description":"Du bien-\u00eatre au mieux-\u00eatre","publisher":{"@id":"https:\/\/empab.fr\/#organization"},"potentialAction":[{"@type":"SearchAction","target":{"@type":"EntryPoint","urlTemplate":"https:\/\/empab.fr\/?s={search_term_string}"},"query-input":{"@type":"PropertyValueSpecification","valueRequired":true,"valueName":"search_term_string"}}],"inLanguage":"fr-FR"},{"@type":"Organization","@id":"https:\/\/empab.fr\/#organization","name":"EMPAB -\u00caTRE MIEUX POUR ALLER BIEN","url":"https:\/\/empab.fr\/","logo":{"@type":"ImageObject","inLanguage":"fr-FR","@id":"https:\/\/empab.fr\/#\/schema\/logo\/image\/","url":"https:\/\/empab.fr\/wp-content\/uploads\/2025\/02\/cropped-logo-EMPAB-AVEC-SILHOUETES.png","contentUrl":"https:\/\/empab.fr\/wp-content\/uploads\/2025\/02\/cropped-logo-EMPAB-AVEC-SILHOUETES.png","width":382,"height":392,"caption":"EMPAB -\u00caTRE MIEUX POUR ALLER BIEN"},"image":{"@id":"https:\/\/empab.fr\/#\/schema\/logo\/image\/"},"sameAs":["https:\/\/www.facebook.com\/profile.php?id=100091632164342","https:\/\/x.com\/empab_369","https:\/\/www.instagram.com\/etre.mieux.pour.aller.bien\/"]}]}},"jetpack_sharing_enabled":true,"_links":{"self":[{"href":"https:\/\/empab.fr\/index.php\/wp-json\/wp\/v2\/pages\/1891","targetHints":{"allow":["GET"]}}],"collection":[{"href":"https:\/\/empab.fr\/index.php\/wp-json\/wp\/v2\/pages"}],"about":[{"href":"https:\/\/empab.fr\/index.php\/wp-json\/wp\/v2\/types\/page"}],"author":[{"embeddable":true,"href":"https:\/\/empab.fr\/index.php\/wp-json\/wp\/v2\/users\/1"}],"replies":[{"embeddable":true,"href":"https:\/\/empab.fr\/index.php\/wp-json\/wp\/v2\/comments?post=1891"}],"version-history":[{"count":1,"href":"https:\/\/empab.fr\/index.php\/wp-json\/wp\/v2\/pages\/1891\/revisions"}],"predecessor-version":[{"id":1932,"href":"https:\/\/empab.fr\/index.php\/wp-json\/wp\/v2\/pages\/1891\/revisions\/1932"}],"wp:attachment":[{"href":"https:\/\/empab.fr\/index.php\/wp-json\/wp\/v2\/media?parent=1891"}],"curies":[{"name":"wp","href":"https:\/\/api.w.org\/{rel}","templated":true}]}}