{"id":133,"date":"2023-02-06T11:09:07","date_gmt":"2023-02-06T10:09:07","guid":{"rendered":"http:\/\/empab.fr\/?page_id=133"},"modified":"2025-12-01T15:08:07","modified_gmt":"2025-12-01T14:08:07","slug":"huiles-massage-empab","status":"publish","type":"page","link":"https:\/\/empab.fr\/index.php\/huiles-massage-empab\/","title":{"rendered":"Les huiles de massage chez EMPAB"},"content":{"rendered":"<div id=\"ez-toc-container\" class=\"ez-toc-v2_0_82_2 ez-toc-wrap-left counter-hierarchy ez-toc-counter ez-toc-custom ez-toc-container-direction\">\n<div class=\"ez-toc-title-container\">\n<p class=\"ez-toc-title\" style=\"cursor:inherit\">Contenus de la page<\/p>\n<span class=\"ez-toc-title-toggle\"><a href=\"#\" class=\"ez-toc-pull-right ez-toc-btn ez-toc-btn-xs ez-toc-btn-default ez-toc-toggle\" aria-label=\"Toggle Table of Content\"><span class=\"ez-toc-js-icon-con\"><span class=\"\"><span class=\"eztoc-hide\" style=\"display:none;\">Toggle<\/span><span class=\"ez-toc-icon-toggle-span\"><svg style=\"fill: #eeee22;color:#eeee22\" xmlns=\"http:\/\/www.w3.org\/2000\/svg\" class=\"list-377408\" width=\"20px\" height=\"20px\" viewBox=\"0 0 24 24\" fill=\"none\"><path d=\"M6 6H4v2h2V6zm14 0H8v2h12V6zM4 11h2v2H4v-2zm16 0H8v2h12v-2zM4 16h2v2H4v-2zm16 0H8v2h12v-2z\" fill=\"currentColor\"><\/path><\/svg><svg style=\"fill: #eeee22;color:#eeee22\" class=\"arrow-unsorted-368013\" xmlns=\"http:\/\/www.w3.org\/2000\/svg\" width=\"10px\" height=\"10px\" viewBox=\"0 0 24 24\" version=\"1.2\" baseProfile=\"tiny\"><path d=\"M18.2 9.3l-6.2-6.3-6.2 6.3c-.2.2-.3.4-.3.7s.1.5.3.7c.2.2.4.3.7.3h11c.3 0 .5-.1.7-.3.2-.2.3-.5.3-.7s-.1-.5-.3-.7zM5.8 14.7l6.2 6.3 6.2-6.3c.2-.2.3-.5.3-.7s-.1-.5-.3-.7c-.2-.2-.4-.3-.7-.3h-11c-.3 0-.5.1-.7.3-.2.2-.3.5-.3.7s.1.5.3.7z\"\/><\/svg><\/span><\/span><\/span><\/a><\/span><\/div>\n<nav><ul class='ez-toc-list ez-toc-list-level-1 ' ><li class='ez-toc-page-1 ez-toc-heading-level-2'><a class=\"ez-toc-link ez-toc-heading-1\" href=\"https:\/\/empab.fr\/index.php\/huiles-massage-empab\/#Les_huiles_de_base\" >Les huiles de base<\/a><\/li><li class='ez-toc-page-1 ez-toc-heading-level-2'><a class=\"ez-toc-link ez-toc-heading-2\" href=\"https:\/\/empab.fr\/index.php\/huiles-massage-empab\/#Les_huiles_essentielles\" >Les huiles essentielles<\/a><\/li><\/ul><\/nav><\/div>\n\t\t<div data-elementor-type=\"wp-page\" data-elementor-id=\"133\" class=\"elementor elementor-133\" data-elementor-post-type=\"page\">\n\t\t\t\t\t\t<section class=\"elementor-section elementor-top-section elementor-element elementor-element-6a84e26 elementor-section-boxed elementor-section-height-default elementor-section-height-default\" data-id=\"6a84e26\" data-element_type=\"section\" data-e-type=\"section\">\n\t\t\t\t\t\t<div class=\"elementor-container elementor-column-gap-default\">\n\t\t\t\t\t<div class=\"elementor-column elementor-col-50 elementor-top-column elementor-element elementor-element-ec761bf\" data-id=\"ec761bf\" data-element_type=\"column\" data-e-type=\"column\">\n\t\t\t<div class=\"elementor-widget-wrap elementor-element-populated\">\n\t\t\t\t\t\t<div class=\"elementor-element elementor-element-b66f51c elementor-invisible elementor-widget elementor-widget-image\" data-id=\"b66f51c\" data-element_type=\"widget\" data-e-type=\"widget\" data-settings=\"{&quot;_animation&quot;:&quot;fadeInRight&quot;}\" data-widget_type=\"image.default\">\n\t\t\t\t<div class=\"elementor-widget-container\">\n\t\t\t\t\t\t\t\t\t\t\t\t\t\t\t<img fetchpriority=\"high\" decoding=\"async\" width=\"700\" height=\"467\" src=\"https:\/\/empab.fr\/wp-content\/uploads\/2023\/03\/Huiles-5-700-pix.jpg\" class=\"attachment-large size-large wp-image-490\" alt=\"\" srcset=\"https:\/\/empab.fr\/wp-content\/uploads\/2023\/03\/Huiles-5-700-pix.jpg 700w, https:\/\/empab.fr\/wp-content\/uploads\/2023\/03\/Huiles-5-700-pix-600x400.jpg 600w, https:\/\/empab.fr\/wp-content\/uploads\/2023\/03\/Huiles-5-700-pix-300x200.jpg 300w\" sizes=\"(max-width: 700px) 100vw, 700px\" \/>\t\t\t\t\t\t\t\t\t\t\t\t\t\t\t<\/div>\n\t\t\t\t<\/div>\n\t\t\t\t<div class=\"elementor-element elementor-element-ae78141 elementor-invisible elementor-widget elementor-widget-image\" data-id=\"ae78141\" data-element_type=\"widget\" data-e-type=\"widget\" data-settings=\"{&quot;_animation&quot;:&quot;fadeInLeft&quot;}\" data-widget_type=\"image.default\">\n\t\t\t\t<div class=\"elementor-widget-container\">\n\t\t\t\t\t\t\t\t\t\t\t\t\t\t\t<img decoding=\"async\" width=\"700\" height=\"467\" src=\"https:\/\/empab.fr\/wp-content\/uploads\/2023\/03\/Huiles-1-700-pix.jpg\" class=\"attachment-large size-large wp-image-486\" alt=\"\" srcset=\"https:\/\/empab.fr\/wp-content\/uploads\/2023\/03\/Huiles-1-700-pix.jpg 700w, https:\/\/empab.fr\/wp-content\/uploads\/2023\/03\/Huiles-1-700-pix-600x400.jpg 600w, https:\/\/empab.fr\/wp-content\/uploads\/2023\/03\/Huiles-1-700-pix-300x200.jpg 300w\" sizes=\"(max-width: 700px) 100vw, 700px\" \/>\t\t\t\t\t\t\t\t\t\t\t\t\t\t\t<\/div>\n\t\t\t\t<\/div>\n\t\t\t\t\t<\/div>\n\t\t<\/div>\n\t\t\t\t<div class=\"elementor-column elementor-col-50 elementor-top-column elementor-element elementor-element-96847b2\" data-id=\"96847b2\" data-element_type=\"column\" data-e-type=\"column\" data-settings=\"{&quot;background_background&quot;:&quot;classic&quot;}\">\n\t\t\t<div class=\"elementor-widget-wrap elementor-element-populated\">\n\t\t\t\t\t\t<div class=\"elementor-element elementor-element-d0b03c8 elementor-widget elementor-widget-heading\" data-id=\"d0b03c8\" data-element_type=\"widget\" data-e-type=\"widget\" data-widget_type=\"heading.default\">\n\t\t\t\t<div class=\"elementor-widget-container\">\n\t\t\t\t\t<h2 class=\"elementor-heading-title elementor-size-default\"><span class=\"ez-toc-section\" id=\"Les_huiles_de_base\"><\/span>Les huiles de base<span class=\"ez-toc-section-end\"><\/span><\/h2>\t\t\t\t<\/div>\n\t\t\t\t<\/div>\n\t\t\t\t<div class=\"elementor-element elementor-element-fb5a859 elementor-widget elementor-widget-text-editor\" data-id=\"fb5a859\" data-element_type=\"widget\" data-e-type=\"widget\" data-widget_type=\"text-editor.default\">\n\t\t\t\t<div class=\"elementor-widget-container\">\n\t\t\t\t\t\t\t\t\t<p>Toutes les huiles que j\u2019utilise sont issues de la culture biologique et sont extraites par pression \u00e0 froid.<\/p><p>Les graines et p\u00e9pins, pr\u00e9alablement nettoy\u00e9s de leurs impuret\u00e9s (feuilles, tiges\u2026), sont press\u00e9s m\u00e9caniquement afin d\u2019en extraire l\u2019huile. On parle de\u00a0<strong>pression \u00ab\u00a0\u00e0 froid\u00a0\u00bb<\/strong>\u00a0car le grain n\u2019est pas chauff\u00e9 avant l\u2019extraction. De m\u00eame, la temp\u00e9rature est rigoureusement surveill\u00e9e tout au long du processus d\u2019extraction. En effet, une temp\u00e9rature trop \u00e9lev\u00e9e est responsable de l\u2019oxydation et de la d\u00e9gradation de l\u2019huile.<\/p><p>Ma principale base est l\u2019huile de s\u00e9same d\u00e9sodoris\u00e9 \u00e0 la vapeur, mais j\u2019utilise aussi les huiles d\u2019amande douce, de jojoba, d\u2019alo\u00e9 vera (en mac\u00e9rat huileux), de macadamia et de p\u00e9pins de raisin.<\/p><p>Ces huiles aident \u00e0 pr\u00e9venir la d\u00e9shydratation de la peau et apportent leur vertus purifiantes, r\u00e9paratrices, anti-oxydantes, adoucissantes et apaisantes \u00e0 la personne qui re\u00e7oit le massage.<\/p>\t\t\t\t\t\t\t\t<\/div>\n\t\t\t\t<\/div>\n\t\t\t\t\t<\/div>\n\t\t<\/div>\n\t\t\t\t\t<\/div>\n\t\t<\/section>\n\t\t\t\t<section class=\"elementor-section elementor-top-section elementor-element elementor-element-b5ba2af elementor-section-boxed elementor-section-height-default elementor-section-height-default\" data-id=\"b5ba2af\" data-element_type=\"section\" data-e-type=\"section\">\n\t\t\t\t\t\t<div class=\"elementor-container elementor-column-gap-default\">\n\t\t\t\t\t<div class=\"elementor-column elementor-col-100 elementor-top-column elementor-element elementor-element-edd1ce7\" data-id=\"edd1ce7\" data-element_type=\"column\" data-e-type=\"column\">\n\t\t\t<div class=\"elementor-widget-wrap elementor-element-populated\">\n\t\t\t\t\t\t<div class=\"elementor-element elementor-element-c93e38f elementor-widget elementor-widget-spacer\" data-id=\"c93e38f\" data-element_type=\"widget\" data-e-type=\"widget\" data-widget_type=\"spacer.default\">\n\t\t\t\t<div class=\"elementor-widget-container\">\n\t\t\t\t\t\t\t<div class=\"elementor-spacer\">\n\t\t\t<div class=\"elementor-spacer-inner\"><\/div>\n\t\t<\/div>\n\t\t\t\t\t\t<\/div>\n\t\t\t\t<\/div>\n\t\t\t\t\t<\/div>\n\t\t<\/div>\n\t\t\t\t\t<\/div>\n\t\t<\/section>\n\t\t\t\t<section class=\"elementor-section elementor-top-section elementor-element elementor-element-5c7a47a elementor-section-boxed elementor-section-height-default elementor-section-height-default\" data-id=\"5c7a47a\" data-element_type=\"section\" data-e-type=\"section\">\n\t\t\t\t\t\t<div class=\"elementor-container elementor-column-gap-default\">\n\t\t\t\t\t<div class=\"elementor-column elementor-col-50 elementor-top-column elementor-element elementor-element-b3269b3\" data-id=\"b3269b3\" data-element_type=\"column\" data-e-type=\"column\" data-settings=\"{&quot;background_background&quot;:&quot;classic&quot;}\">\n\t\t\t<div class=\"elementor-widget-wrap elementor-element-populated\">\n\t\t\t\t\t\t<div class=\"elementor-element elementor-element-90ca806 elementor-widget elementor-widget-heading\" data-id=\"90ca806\" data-element_type=\"widget\" data-e-type=\"widget\" data-widget_type=\"heading.default\">\n\t\t\t\t<div class=\"elementor-widget-container\">\n\t\t\t\t\t<h2 class=\"elementor-heading-title elementor-size-default\"><span class=\"ez-toc-section\" id=\"Les_huiles_essentielles\"><\/span>Les huiles essentielles<span class=\"ez-toc-section-end\"><\/span><\/h2>\t\t\t\t<\/div>\n\t\t\t\t<\/div>\n\t\t\t\t<div class=\"elementor-element elementor-element-198e0cd elementor-widget elementor-widget-text-editor\" data-id=\"198e0cd\" data-element_type=\"widget\" data-e-type=\"widget\" data-widget_type=\"text-editor.default\">\n\t\t\t\t<div class=\"elementor-widget-container\">\n\t\t\t\t\t\t\t\t\t<p>Concernant les huiles essentielles je choisis la camomille, la lavande, l\u2019arbre \u00e0 th\u00e9, l\u2019ylang-ylang, le g\u00e9ranium, et\/ou le citron pour leur action calmante, relaxante, purifiante, r\u00e9g\u00e9n\u00e9ratrice, tonifiante et \u00e9quilibrante, tant pour le corps que pour le syst\u00e8me nerveux, participe \u00e0 l\u2019efficacit\u00e9 du massage \u00ab\u00a0toucher du c\u0153ur\u00a0\u00bb<\/p>\t\t\t\t\t\t\t\t<\/div>\n\t\t\t\t<\/div>\n\t\t\t\t\t<\/div>\n\t\t<\/div>\n\t\t\t\t<div class=\"elementor-column elementor-col-50 elementor-top-column elementor-element elementor-element-752d7b8\" data-id=\"752d7b8\" data-element_type=\"column\" data-e-type=\"column\">\n\t\t\t<div class=\"elementor-widget-wrap elementor-element-populated\">\n\t\t\t\t\t\t<div class=\"elementor-element elementor-element-05b8b1d elementor-invisible elementor-widget elementor-widget-image\" data-id=\"05b8b1d\" data-element_type=\"widget\" data-e-type=\"widget\" data-settings=\"{&quot;_animation&quot;:&quot;fadeInLeft&quot;}\" data-widget_type=\"image.default\">\n\t\t\t\t<div class=\"elementor-widget-container\">\n\t\t\t\t\t\t\t\t\t\t\t\t\t\t\t<img decoding=\"async\" width=\"1024\" height=\"683\" src=\"https:\/\/empab.fr\/wp-content\/uploads\/2023\/02\/AdobeStock_116328751-1024x683.jpeg\" class=\"attachment-large size-large wp-image-170\" alt=\"\" srcset=\"https:\/\/empab.fr\/wp-content\/uploads\/2023\/02\/AdobeStock_116328751-1024x683.jpeg 1024w, https:\/\/empab.fr\/wp-content\/uploads\/2023\/02\/AdobeStock_116328751-300x200.jpeg 300w, https:\/\/empab.fr\/wp-content\/uploads\/2023\/02\/AdobeStock_116328751-768x512.jpeg 768w, https:\/\/empab.fr\/wp-content\/uploads\/2023\/02\/AdobeStock_116328751-1536x1024.jpeg 1536w, https:\/\/empab.fr\/wp-content\/uploads\/2023\/02\/AdobeStock_116328751-2048x1365.jpeg 2048w\" sizes=\"(max-width: 1024px) 100vw, 1024px\" \/>\t\t\t\t\t\t\t\t\t\t\t\t\t\t\t<\/div>\n\t\t\t\t<\/div>\n\t\t\t\t<div class=\"elementor-element elementor-element-5ec4024 elementor-invisible elementor-widget elementor-widget-image\" data-id=\"5ec4024\" data-element_type=\"widget\" data-e-type=\"widget\" data-settings=\"{&quot;_animation&quot;:&quot;fadeInRight&quot;}\" data-widget_type=\"image.default\">\n\t\t\t\t<div class=\"elementor-widget-container\">\n\t\t\t\t\t\t\t\t\t\t\t\t\t\t\t<img loading=\"lazy\" decoding=\"async\" width=\"700\" height=\"467\" src=\"https:\/\/empab.fr\/wp-content\/uploads\/2023\/03\/Huiles-4-700-pix.jpg\" class=\"attachment-large size-large wp-image-489\" alt=\"\" srcset=\"https:\/\/empab.fr\/wp-content\/uploads\/2023\/03\/Huiles-4-700-pix.jpg 700w, https:\/\/empab.fr\/wp-content\/uploads\/2023\/03\/Huiles-4-700-pix-600x400.jpg 600w, https:\/\/empab.fr\/wp-content\/uploads\/2023\/03\/Huiles-4-700-pix-300x200.jpg 300w\" sizes=\"(max-width: 700px) 100vw, 700px\" \/>\t\t\t\t\t\t\t\t\t\t\t\t\t\t\t<\/div>\n\t\t\t\t<\/div>\n\t\t\t\t\t<\/div>\n\t\t<\/div>\n\t\t\t\t\t<\/div>\n\t\t<\/section>\n\t\t\t\t<\/div>\n\t\t","protected":false},"excerpt":{"rendered":"<p>Les huiles de base Toutes les huiles que j\u2019utilise sont issues de la culture biologique et sont extraites par pression \u00e0 froid. Les graines et p\u00e9pins, pr\u00e9alablement nettoy\u00e9s de leurs impuret\u00e9s (feuilles, tiges\u2026), sont press\u00e9s m\u00e9caniquement afin d\u2019en extraire l\u2019huile. On parle de\u00a0pression \u00ab\u00a0\u00e0 froid\u00a0\u00bb\u00a0car le grain n\u2019est pas chauff\u00e9 avant l\u2019extraction. De m\u00eame, la [&hellip;]<\/p>\n","protected":false},"author":1,"featured_media":0,"parent":0,"menu_order":0,"comment_status":"closed","ping_status":"closed","template":"","meta":{"footnotes":""},"class_list":["post-133","page","type-page","status-publish","hentry","entry","owp-thumbs-layout-horizontal","owp-btn-normal","owp-tabs-layout-horizontal","has-no-thumbnails","has-product-nav"],"yoast_head":"<!-- This site is optimized with the Yoast SEO plugin v27.4 - https:\/\/yoast.com\/product\/yoast-seo-wordpress\/ -->\n<title>Huiles de Massage chez EMPAB | Des Huiles Biologiques<\/title>\n<meta name=\"description\" content=\"D\u00e9couvrez les huiles de massage biologiques utilis\u00e9es chez EMPAB, extraites par pression \u00e0 froid pour pr\u00e9server leurs bienfaits pour la peau\" \/>\n<meta name=\"robots\" content=\"index, follow, max-snippet:-1, max-image-preview:large, max-video-preview:-1\" \/>\n<link rel=\"canonical\" href=\"https:\/\/empab.fr\/index.php\/huiles-massage-empab\/\" \/>\n<meta property=\"og:locale\" content=\"fr_FR\" \/>\n<meta property=\"og:type\" content=\"article\" \/>\n<meta property=\"og:title\" content=\"Huiles de Massage chez EMPAB | Des Huiles Biologiques\" \/>\n<meta property=\"og:description\" content=\"D\u00e9couvrez les huiles de massage biologiques utilis\u00e9es chez EMPAB, extraites par pression \u00e0 froid pour pr\u00e9server leurs bienfaits pour la peau\" \/>\n<meta property=\"og:url\" content=\"https:\/\/empab.fr\/index.php\/huiles-massage-empab\/\" \/>\n<meta property=\"og:site_name\" content=\"EMPAB -\u00caTRE MIEUX POUR ALLER BIEN\" \/>\n<meta property=\"article:publisher\" content=\"https:\/\/www.facebook.com\/profile.php?id=100091632164342\" \/>\n<meta property=\"article:modified_time\" content=\"2025-12-01T14:08:07+00:00\" \/>\n<meta property=\"og:image\" content=\"https:\/\/empab.fr\/wp-content\/uploads\/2023\/03\/Huiles-5-700-pix.jpg\" \/>\n\t<meta property=\"og:image:width\" content=\"700\" \/>\n\t<meta property=\"og:image:height\" content=\"467\" \/>\n\t<meta property=\"og:image:type\" content=\"image\/jpeg\" \/>\n<meta name=\"twitter:card\" content=\"summary_large_image\" \/>\n<meta name=\"twitter:site\" content=\"@empab_369\" \/>\n<meta name=\"twitter:label1\" content=\"Dur\u00e9e de lecture estim\u00e9e\" \/>\n\t<meta name=\"twitter:data1\" content=\"2 minutes\" \/>\n<script type=\"application\/ld+json\" class=\"yoast-schema-graph\">{\"@context\":\"https:\\\/\\\/schema.org\",\"@graph\":[{\"@type\":\"WebPage\",\"@id\":\"https:\\\/\\\/empab.fr\\\/index.php\\\/huiles-massage-empab\\\/\",\"url\":\"https:\\\/\\\/empab.fr\\\/index.php\\\/huiles-massage-empab\\\/\",\"name\":\"Huiles de Massage chez EMPAB | Des Huiles Biologiques\",\"isPartOf\":{\"@id\":\"https:\\\/\\\/empab.fr\\\/#website\"},\"primaryImageOfPage\":{\"@id\":\"https:\\\/\\\/empab.fr\\\/index.php\\\/huiles-massage-empab\\\/#primaryimage\"},\"image\":{\"@id\":\"https:\\\/\\\/empab.fr\\\/index.php\\\/huiles-massage-empab\\\/#primaryimage\"},\"thumbnailUrl\":\"https:\\\/\\\/empab.fr\\\/wp-content\\\/uploads\\\/2023\\\/03\\\/Huiles-5-700-pix.jpg\",\"datePublished\":\"2023-02-06T10:09:07+00:00\",\"dateModified\":\"2025-12-01T14:08:07+00:00\",\"description\":\"D\u00e9couvrez les huiles de massage biologiques utilis\u00e9es chez EMPAB, extraites par pression \u00e0 froid pour pr\u00e9server leurs bienfaits pour la peau\",\"breadcrumb\":{\"@id\":\"https:\\\/\\\/empab.fr\\\/index.php\\\/huiles-massage-empab\\\/#breadcrumb\"},\"inLanguage\":\"fr-FR\",\"potentialAction\":[{\"@type\":\"ReadAction\",\"target\":[\"https:\\\/\\\/empab.fr\\\/index.php\\\/huiles-massage-empab\\\/\"]}]},{\"@type\":\"ImageObject\",\"inLanguage\":\"fr-FR\",\"@id\":\"https:\\\/\\\/empab.fr\\\/index.php\\\/huiles-massage-empab\\\/#primaryimage\",\"url\":\"https:\\\/\\\/empab.fr\\\/wp-content\\\/uploads\\\/2023\\\/03\\\/Huiles-5-700-pix.jpg\",\"contentUrl\":\"https:\\\/\\\/empab.fr\\\/wp-content\\\/uploads\\\/2023\\\/03\\\/Huiles-5-700-pix.jpg\",\"width\":700,\"height\":467,\"caption\":\"Bottle of natural grape seed oil, bunch of blue and white grapes on dark wooden table. Organic cosmetic\"},{\"@type\":\"BreadcrumbList\",\"@id\":\"https:\\\/\\\/empab.fr\\\/index.php\\\/huiles-massage-empab\\\/#breadcrumb\",\"itemListElement\":[{\"@type\":\"ListItem\",\"position\":1,\"name\":\"Accueil\",\"item\":\"https:\\\/\\\/empab.fr\\\/\"},{\"@type\":\"ListItem\",\"position\":2,\"name\":\"Les huiles de massage chez EMPAB\"}]},{\"@type\":\"WebSite\",\"@id\":\"https:\\\/\\\/empab.fr\\\/#website\",\"url\":\"https:\\\/\\\/empab.fr\\\/\",\"name\":\"EMPAB -\u00caTRE MIEUX POUR ALLER BIEN\",\"description\":\"Du bien-\u00eatre au mieux-\u00eatre\",\"publisher\":{\"@id\":\"https:\\\/\\\/empab.fr\\\/#organization\"},\"potentialAction\":[{\"@type\":\"SearchAction\",\"target\":{\"@type\":\"EntryPoint\",\"urlTemplate\":\"https:\\\/\\\/empab.fr\\\/?s={search_term_string}\"},\"query-input\":{\"@type\":\"PropertyValueSpecification\",\"valueRequired\":true,\"valueName\":\"search_term_string\"}}],\"inLanguage\":\"fr-FR\"},{\"@type\":\"Organization\",\"@id\":\"https:\\\/\\\/empab.fr\\\/#organization\",\"name\":\"EMPAB -\u00caTRE MIEUX POUR ALLER BIEN\",\"url\":\"https:\\\/\\\/empab.fr\\\/\",\"logo\":{\"@type\":\"ImageObject\",\"inLanguage\":\"fr-FR\",\"@id\":\"https:\\\/\\\/empab.fr\\\/#\\\/schema\\\/logo\\\/image\\\/\",\"url\":\"https:\\\/\\\/empab.fr\\\/wp-content\\\/uploads\\\/2025\\\/02\\\/cropped-logo-EMPAB-AVEC-SILHOUETES.png\",\"contentUrl\":\"https:\\\/\\\/empab.fr\\\/wp-content\\\/uploads\\\/2025\\\/02\\\/cropped-logo-EMPAB-AVEC-SILHOUETES.png\",\"width\":382,\"height\":392,\"caption\":\"EMPAB -\u00caTRE MIEUX POUR ALLER BIEN\"},\"image\":{\"@id\":\"https:\\\/\\\/empab.fr\\\/#\\\/schema\\\/logo\\\/image\\\/\"},\"sameAs\":[\"https:\\\/\\\/www.facebook.com\\\/profile.php?id=100091632164342\",\"https:\\\/\\\/x.com\\\/empab_369\",\"https:\\\/\\\/www.instagram.com\\\/etre.mieux.pour.aller.bien\\\/\"]}]}<\/script>\n<!-- \/ Yoast SEO plugin. -->","yoast_head_json":{"title":"Huiles de Massage chez EMPAB | Des Huiles Biologiques","description":"D\u00e9couvrez les huiles de massage biologiques utilis\u00e9es chez EMPAB, extraites par pression \u00e0 froid pour pr\u00e9server leurs bienfaits pour la peau","robots":{"index":"index","follow":"follow","max-snippet":"max-snippet:-1","max-image-preview":"max-image-preview:large","max-video-preview":"max-video-preview:-1"},"canonical":"https:\/\/empab.fr\/index.php\/huiles-massage-empab\/","og_locale":"fr_FR","og_type":"article","og_title":"Huiles de Massage chez EMPAB | Des Huiles Biologiques","og_description":"D\u00e9couvrez les huiles de massage biologiques utilis\u00e9es chez EMPAB, extraites par pression \u00e0 froid pour pr\u00e9server leurs bienfaits pour la peau","og_url":"https:\/\/empab.fr\/index.php\/huiles-massage-empab\/","og_site_name":"EMPAB -\u00caTRE MIEUX POUR ALLER BIEN","article_publisher":"https:\/\/www.facebook.com\/profile.php?id=100091632164342","article_modified_time":"2025-12-01T14:08:07+00:00","og_image":[{"width":700,"height":467,"url":"https:\/\/empab.fr\/wp-content\/uploads\/2023\/03\/Huiles-5-700-pix.jpg","type":"image\/jpeg"}],"twitter_card":"summary_large_image","twitter_site":"@empab_369","twitter_misc":{"Dur\u00e9e de lecture estim\u00e9e":"2 minutes"},"schema":{"@context":"https:\/\/schema.org","@graph":[{"@type":"WebPage","@id":"https:\/\/empab.fr\/index.php\/huiles-massage-empab\/","url":"https:\/\/empab.fr\/index.php\/huiles-massage-empab\/","name":"Huiles de Massage chez EMPAB | Des Huiles Biologiques","isPartOf":{"@id":"https:\/\/empab.fr\/#website"},"primaryImageOfPage":{"@id":"https:\/\/empab.fr\/index.php\/huiles-massage-empab\/#primaryimage"},"image":{"@id":"https:\/\/empab.fr\/index.php\/huiles-massage-empab\/#primaryimage"},"thumbnailUrl":"https:\/\/empab.fr\/wp-content\/uploads\/2023\/03\/Huiles-5-700-pix.jpg","datePublished":"2023-02-06T10:09:07+00:00","dateModified":"2025-12-01T14:08:07+00:00","description":"D\u00e9couvrez les huiles de massage biologiques utilis\u00e9es chez EMPAB, extraites par pression \u00e0 froid pour pr\u00e9server leurs bienfaits pour la peau","breadcrumb":{"@id":"https:\/\/empab.fr\/index.php\/huiles-massage-empab\/#breadcrumb"},"inLanguage":"fr-FR","potentialAction":[{"@type":"ReadAction","target":["https:\/\/empab.fr\/index.php\/huiles-massage-empab\/"]}]},{"@type":"ImageObject","inLanguage":"fr-FR","@id":"https:\/\/empab.fr\/index.php\/huiles-massage-empab\/#primaryimage","url":"https:\/\/empab.fr\/wp-content\/uploads\/2023\/03\/Huiles-5-700-pix.jpg","contentUrl":"https:\/\/empab.fr\/wp-content\/uploads\/2023\/03\/Huiles-5-700-pix.jpg","width":700,"height":467,"caption":"Bottle of natural grape seed oil, bunch of blue and white grapes on dark wooden table. Organic cosmetic"},{"@type":"BreadcrumbList","@id":"https:\/\/empab.fr\/index.php\/huiles-massage-empab\/#breadcrumb","itemListElement":[{"@type":"ListItem","position":1,"name":"Accueil","item":"https:\/\/empab.fr\/"},{"@type":"ListItem","position":2,"name":"Les huiles de massage chez EMPAB"}]},{"@type":"WebSite","@id":"https:\/\/empab.fr\/#website","url":"https:\/\/empab.fr\/","name":"EMPAB -\u00caTRE MIEUX POUR ALLER BIEN","description":"Du bien-\u00eatre au mieux-\u00eatre","publisher":{"@id":"https:\/\/empab.fr\/#organization"},"potentialAction":[{"@type":"SearchAction","target":{"@type":"EntryPoint","urlTemplate":"https:\/\/empab.fr\/?s={search_term_string}"},"query-input":{"@type":"PropertyValueSpecification","valueRequired":true,"valueName":"search_term_string"}}],"inLanguage":"fr-FR"},{"@type":"Organization","@id":"https:\/\/empab.fr\/#organization","name":"EMPAB -\u00caTRE MIEUX POUR ALLER BIEN","url":"https:\/\/empab.fr\/","logo":{"@type":"ImageObject","inLanguage":"fr-FR","@id":"https:\/\/empab.fr\/#\/schema\/logo\/image\/","url":"https:\/\/empab.fr\/wp-content\/uploads\/2025\/02\/cropped-logo-EMPAB-AVEC-SILHOUETES.png","contentUrl":"https:\/\/empab.fr\/wp-content\/uploads\/2025\/02\/cropped-logo-EMPAB-AVEC-SILHOUETES.png","width":382,"height":392,"caption":"EMPAB -\u00caTRE MIEUX POUR ALLER BIEN"},"image":{"@id":"https:\/\/empab.fr\/#\/schema\/logo\/image\/"},"sameAs":["https:\/\/www.facebook.com\/profile.php?id=100091632164342","https:\/\/x.com\/empab_369","https:\/\/www.instagram.com\/etre.mieux.pour.aller.bien\/"]}]}},"jetpack_sharing_enabled":true,"_links":{"self":[{"href":"https:\/\/empab.fr\/index.php\/wp-json\/wp\/v2\/pages\/133","targetHints":{"allow":["GET"]}}],"collection":[{"href":"https:\/\/empab.fr\/index.php\/wp-json\/wp\/v2\/pages"}],"about":[{"href":"https:\/\/empab.fr\/index.php\/wp-json\/wp\/v2\/types\/page"}],"author":[{"embeddable":true,"href":"https:\/\/empab.fr\/index.php\/wp-json\/wp\/v2\/users\/1"}],"replies":[{"embeddable":true,"href":"https:\/\/empab.fr\/index.php\/wp-json\/wp\/v2\/comments?post=133"}],"version-history":[{"count":31,"href":"https:\/\/empab.fr\/index.php\/wp-json\/wp\/v2\/pages\/133\/revisions"}],"predecessor-version":[{"id":1753,"href":"https:\/\/empab.fr\/index.php\/wp-json\/wp\/v2\/pages\/133\/revisions\/1753"}],"wp:attachment":[{"href":"https:\/\/empab.fr\/index.php\/wp-json\/wp\/v2\/media?parent=133"}],"curies":[{"name":"wp","href":"https:\/\/api.w.org\/{rel}","templated":true}]}}